{"id":8770,"date":"2023-06-19T12:28:05","date_gmt":"2023-06-19T10:28:05","guid":{"rendered":"https:\/\/galatzotrail.com\/volunteers\/"},"modified":"2026-01-26T13:49:12","modified_gmt":"2026-01-26T12:49:12","slug":"volunteers","status":"publish","type":"page","link":"https:\/\/galatzotrail.com\/en\/volunteers\/","title":{"rendered":"Volunteers"},"content":{"rendered":"<section class=\"wpb-content-wrapper\"><p>[vc_row full_width=&#8221;stretch_row&#8221; css=&#8221;.vc_custom_1718700573874{padding-top: 275px !important;padding-bottom: 150px !important;background-image: url(<a href=\"https:\/\/galatzotrail.com\/wp-content\/uploads\/2024\/06\/gt-voluntarios.png?id=9887\">https:\/\/galatzotrail.com\/wp-content\/uploads\/2024\/06\/gt-voluntarios.png?id=9887<\/a>) !important;background-position: center !important;background-repeat: no-repeat !important;background-size: cover !important;}&#8221;][vc_column css=&#8221;.vc_custom_1556023475207{margin-left: 0px !important;padding-left: 0px !important;}&#8221;][vc_row_inner][vc_column_inner]<header class=\"kd-section-title vc_col-lg-6 vc_col-sm-8 text-left  kd-animated fadeIn  \" data-animation-delay=200><h2 class=\"separator_off\" style=\"color: #ffffff;font-size: 42px;\">VOLUNTEERS GALATZ\u00d3 TRAIL<\/h2><h6 class=\"subtitle \" style=\"color: #ffffff;\">Book your place as volunteer of the GALATZ\u00d3 TRAIL. It\u2019s very simple. ENTER AND COMPLETE THIS FORM and send it to us.<\/h6><\/header>[vc_empty_space height=&#8221;20px&#8221;][\/vc_column_inner][\/vc_row_inner][vc_row_inner css=&#8221;.vc_custom_1516118473562{margin-bottom: 30px !important;}&#8221;][vc_column_inner width=&#8221;5\/12&#8243;]<a  href=\"#\"  target=\"_self\"  title=\"\" class=\"tt_button tt_primary_button btn_primary_color  pull-left button-action-link\" ><span class=\"prim_text\">REGISTRATION TBA!<\/span><\/a>[\/vc_column_inner][vc_column_inner width=&#8221;7\/12&#8243; css=&#8221;.vc_custom_1511266572685{padding-right: 50px !important;padding-left: 50px !important;}&#8221;][\/vc_column_inner][\/vc_row_inner][\/vc_column][\/vc_row][vc_row full_width=&#8221;stretch_row&#8221;][vc_column width=&#8221;1\/4&#8243;][vc_empty_space height=&#8221;40px&#8221;]<header class=\"kd-section-title col-lg-12 text-left  kd-animated fadeIn  \" data-animation-delay=200><h2 class=\"separator_off\" >Volunteers Galatz\u00f3 Trail<\/h2><\/header>[vc_empty_space height=&#8221;20px&#8221;][\/vc_column][vc_column width=&#8221;3\/4&#8243;][vc_empty_space height=&#8221;40px&#8221;][vc_column_text]<span style=\"font-weight: 400;\">The Galatz\u00f3 Trail needs you. We are looking for people like you, with energy, strength and desire to live an unforgettable experience&#8230;<\/span>[\/vc_column_text][vc_empty_space height=&#8221;20px&#8221;][\/vc_column][\/vc_row][vc_row full_width=&#8221;stretch_row_content_no_spaces&#8221; css=&#8221;.vc_custom_1539612903211{background-color: #f7f7f7 !important;}&#8221;][vc_column width=&#8221;1\/2&#8243; css=&#8221;.vc_custom_1522316929719{padding-top: 0px !important;}&#8221; offset=&#8221;vc_col-lg-6 vc_col-md-12&#8243;][vc_row_inner css=&#8221;.vc_custom_1687245931350{padding-top: 200px !important;padding-bottom: 236px !important;background-image: url(<a href=\"https:\/\/galatzotrail.com\/wp-content\/uploads\/2023\/06\/avituallamientos-gt.jpeg?id=8346\">https:\/\/galatzotrail.com\/wp-content\/uploads\/2023\/06\/avituallamientos-gt.jpeg?id=8346<\/a>) !important;background-position: center !important;background-repeat: no-repeat !important;background-size: cover !important;}&#8221;][vc_column_inner css=&#8221;.vc_custom_1511789291663{padding-top: 0px !important;padding-bottom: 0px !important;}&#8221;][vc_empty_space height=&#8221;200px&#8221;][\/vc_column_inner][\/vc_row_inner][\/vc_column][vc_column width=&#8221;1\/2&#8243; offset=&#8221;vc_col-lg-6 vc_col-md-12&#8243;][vc_row_inner css=&#8221;.vc_custom_1539613321875{padding-top: 60px !important;}&#8221;][vc_column_inner width=&#8221;1\/6&#8243; offset=&#8221;vc_hidden-xs&#8221;][\/vc_column_inner][vc_column_inner width=&#8221;2\/3&#8243; offset=&#8221;vc_col-lg-offset-0 vc_col-md-offset-1 vc_col-sm-offset-1&#8243;]<header class=\"kd-section-title col-lg-12 text-left  kd-animated fadeIn   vc_custom_1687946530359\" data-animation-delay=200><h2 class=\"separator_off\" >YOUR MISSION:<\/h2><h6 class=\"subtitle \" >You\u2019ll be a key player. The mission of our volunteers is the full satisfaction of our participants, helping them to complete their challenge and making sure that they take a nice memory of their participation in our race. With your help we will face, among others, the following challenges:<\/h6><\/header>[\/vc_column_inner][vc_column_inner width=&#8221;1\/6&#8243;][\/vc_column_inner][\/vc_row_inner][vc_row_inner][vc_column_inner width=&#8221;1\/6&#8243; offset=&#8221;vc_hidden-xs&#8221;][\/vc_column_inner][vc_column_inner width=&#8221;2\/3&#8243; offset=&#8221;vc_col-lg-offset-0 vc_col-md-offset-1 vc_col-sm-offset-1&#8243;]<ul class=\"kd-icon-list\" ><li class=\"kd-icon-list-item\"><span class=\"kd-list-text\" ><\/p>\n<ul>\n<li>Provide refreshment to the participants in the different aid stations during the development of the race<\/li>\n<li>Inform participants, family members, fans, residents about the event<\/li>\n<li>Control of different points of the courses<\/li>\n<li>Marking of the routes<\/li>\n<li>Logistics and distribution of the materials needed for the race<\/li>\n<li>Assist the organisation of the side events<\/li>\n<li>And more\u2026<\/li>\n<\/ul>\n<p><\/li><\/ul>[\/vc_column_inner][vc_column_inner width=&#8221;1\/6&#8243;][\/vc_column_inner][\/vc_row_inner][\/vc_column][\/vc_row][vc_row full_width=&#8221;stretch_row_content_no_spaces&#8221; css=&#8221;.vc_custom_1539612903211{background-color: #f7f7f7 !important;}&#8221;][vc_column width=&#8221;1\/2&#8243; css=&#8221;.vc_custom_1522316929719{padding-top: 0px !important;}&#8221; offset=&#8221;vc_col-lg-6 vc_col-md-12&#8243;][vc_row_inner css=&#8221;.vc_custom_1539613321875{padding-top: 60px !important;}&#8221;][vc_column_inner width=&#8221;1\/6&#8243; offset=&#8221;vc_hidden-xs&#8221;][\/vc_column_inner][vc_column_inner width=&#8221;2\/3&#8243; offset=&#8221;vc_col-lg-offset-0 vc_col-md-offset-1 vc_col-sm-offset-1&#8243;]<header class=\"kd-section-title col-lg-12 text-left  kd-animated fadeIn   vc_custom_1687946613403\" data-animation-delay=200><h2 class=\"separator_off\" >YOUR REWARD:<\/h2><h6 class=\"subtitle \" >By joining our team you will receive specific training and a official volunteer certificate, you will also enter the raffle of different gifts and other surprises. But without a doubt, the most important prize is the possibility of sharing this experience with other volunteers, helping many athletes fulfill their dream.<\/h6><\/header>[\/vc_column_inner][vc_column_inner width=&#8221;1\/6&#8243;][\/vc_column_inner][\/vc_row_inner][vc_row_inner][vc_column_inner width=&#8221;1\/6&#8243; offset=&#8221;vc_hidden-xs&#8221;][\/vc_column_inner][vc_column_inner width=&#8221;2\/3&#8243; offset=&#8221;vc_col-lg-offset-0 vc_col-md-offset-1 vc_col-sm-offset-1&#8243;]<div class=\"key-icon-box icon-default icon-left cont-left ib-hover-2  kd-animated fadeInUp\" style=\"background-color: transparent;\" ><a href=\"\" target=\"\"><div class=\"ib-wrapper\"><i class=\"iconsmind-Checked-User iconsmind-People\" style=\" \"><\/i> <h6 class=\"service-heading\" >Book your place as volunteer of the GALATZ\u00d3 TRAIL. TBA.<\/h6><\/div><\/a><\/div>[\/vc_column_inner][vc_column_inner width=&#8221;1\/6&#8243;][\/vc_column_inner][\/vc_row_inner][\/vc_column][vc_column width=&#8221;1\/2&#8243; offset=&#8221;vc_col-lg-6 vc_col-md-12&#8243;][vc_row_inner css=&#8221;.vc_custom_1718700588213{padding-top: 200px !important;padding-bottom: 236px !important;background-image: url(<a href=\"https:\/\/galatzotrail.com\/wp-content\/uploads\/2024\/06\/gt-meta_0009_img_5593.png?id=9890\">https:\/\/galatzotrail.com\/wp-content\/uploads\/2024\/06\/gt-meta_0009_img_5593.png?id=9890<\/a>) !important;background-position: center !important;background-repeat: no-repeat !important;background-size: cover !important;}&#8221;][vc_column_inner css=&#8221;.vc_custom_1511789291663{padding-top: 0px !important;padding-bottom: 0px !important;}&#8221;][vc_empty_space height=&#8221;200px&#8221;][\/vc_column_inner][\/vc_row_inner][\/vc_column][\/vc_row][vc_row full_width=&#8221;stretch_row&#8221;][vc_column width=&#8221;1\/6&#8243;][\/vc_column][vc_column width=&#8221;2\/3&#8243;][vc_empty_space height=&#8221;20px&#8221;]<header class=\"kd-section-title vc_col-lg-6 vc_col-sm-8 text-center  kd-animated fadeIn  \" data-animation-delay=200><h2 class=\"separator_off\" style=\"color: #000000;font-size: 42px;\">MORE INFORMATION<\/h2><h6 class=\"subtitle \" style=\"color: #000000;\">For more information you can contact us writing an email to info@galatzotrail.com or call us: (+34) 971 67 03 10<\/h6><\/header><a  href=\"mailto:eventsice@calvia.com\"  target=\"_self\"  title=\"\" class=\"tt_button tt_primary_button btn_primary_color  button-center button-action-link\" ><span class=\"prim_text\">CONTACT<\/span><\/a>[vc_empty_space height=&#8221;20px&#8221;][\/vc_column][vc_column width=&#8221;1\/6&#8243;][\/vc_column][\/vc_row]<\/p>\n<\/section>","protected":false},"excerpt":{"rendered":"<p>[vc_row full_width=&#8221;stretch_row&#8221; css=&#8221;.vc_custom_1718700573874{padding-top: 275px !important;padding-bottom: 150px !important;background-image: url(<a href=\"https:\/\/galatzotrail.com\/wp-content\/uploads\/2024\/06\/gt-voluntarios.png?id=9887\">https:\/\/galatzotrail.com\/wp-content\/uploads\/2024\/06\/gt-voluntarios.png?id=9887<\/a>) !important;background-position: center !important;background-repeat: no-repeat !important;background-size: cover !important;}&#8221;][vc_column css=&#8221;.vc_custom_1556023475207{margin-left: 0px !important;padding-left: 0px !important;}&#8221;][vc_row_inner][vc_column_inner][vc_empty_space [&hellip;]<\/p>\n","protected":false},"author":235573868,"featured_media":9887,"parent":0,"menu_order":0,"comment_status":"closed","ping_status":"closed","template":"","meta":{"_crdt_document":"","jetpack_post_was_ever_published":false,"footnotes":""},"class_list":["post-8770","page","type-page","status-publish","has-post-thumbnail","hentry"],"yoast_head":"<!-- This site is optimized with the Yoast SEO plugin v27.0 - https:\/\/yoast.com\/product\/yoast-seo-wordpress\/ -->\n<title>VOLUNTEERS - Galatz\u00f3 Trail Mallorca<\/title>\n<meta name=\"description\" content=\"La Galatz\u00f3 trail te necesita. Buscamos personas como t\u00fa, con energ\u00eda, fuerza y ganas de vivir con intensidad una experiencia inolvidable, ser parte de la organizaci\u00f3n de uno de los eventos m\u00e1s importantes del a\u00f1o en Baleares.\" \/>\n<meta name=\"robots\" content=\"index, follow, max-snippet:-1, max-image-preview:large, max-video-preview:-1\" \/>\n<link rel=\"canonical\" href=\"https:\/\/galatzotrail.com\/en\/volunteers\/\" \/>\n<meta property=\"og:locale\" content=\"en_US\" \/>\n<meta property=\"og:type\" content=\"article\" \/>\n<meta property=\"og:title\" content=\"VOLUNTEERS - Galatz\u00f3 Trail Mallorca\" \/>\n<meta property=\"og:description\" content=\"La Galatz\u00f3 trail te necesita. Buscamos personas como t\u00fa, con energ\u00eda, fuerza y ganas de vivir con intensidad una experiencia inolvidable, ser parte de la organizaci\u00f3n de uno de los eventos m\u00e1s importantes del a\u00f1o en Baleares.\" \/>\n<meta property=\"og:url\" content=\"https:\/\/galatzotrail.com\/en\/volunteers\/\" \/>\n<meta property=\"og:site_name\" content=\"Galatz\u00f3 Trail\" \/>\n<meta property=\"article:publisher\" content=\"https:\/\/www.facebook.com\/galatzotrail\/\" \/>\n<meta property=\"article:modified_time\" content=\"2026-01-26T12:49:12+00:00\" \/>\n<meta property=\"og:image\" content=\"https:\/\/galatzotrail.com\/wp-content\/uploads\/2024\/06\/gt-voluntarios.png\" \/>\n\t<meta property=\"og:image:width\" content=\"1417\" \/>\n\t<meta property=\"og:image:height\" content=\"945\" \/>\n\t<meta property=\"og:image:type\" content=\"image\/png\" \/>\n<meta name=\"twitter:card\" content=\"summary_large_image\" \/>\n<meta name=\"twitter:label1\" content=\"Est. reading time\" \/>\n\t<meta name=\"twitter:data1\" content=\"3 minutes\" \/>\n<script type=\"application\/ld+json\" class=\"yoast-schema-graph\">{\"@context\":\"https:\/\/schema.org\",\"@graph\":[{\"@type\":\"WebPage\",\"@id\":\"https:\/\/galatzotrail.com\/en\/volunteers\/\",\"url\":\"https:\/\/galatzotrail.com\/en\/volunteers\/\",\"name\":\"VOLUNTEERS - Galatz\u00f3 Trail Mallorca\",\"isPartOf\":{\"@id\":\"https:\/\/galatzotrail.com\/en\/#website\"},\"primaryImageOfPage\":{\"@id\":\"https:\/\/galatzotrail.com\/en\/volunteers\/#primaryimage\"},\"image\":{\"@id\":\"https:\/\/galatzotrail.com\/en\/volunteers\/#primaryimage\"},\"thumbnailUrl\":\"https:\/\/i0.wp.com\/galatzotrail.com\/wp-content\/uploads\/2024\/06\/gt-voluntarios.png?fit=1417%2C945&ssl=1\",\"datePublished\":\"2023-06-19T10:28:05+00:00\",\"dateModified\":\"2026-01-26T12:49:12+00:00\",\"description\":\"La Galatz\u00f3 trail te necesita. Buscamos personas como t\u00fa, con energ\u00eda, fuerza y ganas de vivir con intensidad una experiencia inolvidable, ser parte de la organizaci\u00f3n de uno de los eventos m\u00e1s importantes del a\u00f1o en Baleares.\",\"breadcrumb\":{\"@id\":\"https:\/\/galatzotrail.com\/en\/volunteers\/#breadcrumb\"},\"inLanguage\":\"en-US\",\"potentialAction\":[{\"@type\":\"ReadAction\",\"target\":[\"https:\/\/galatzotrail.com\/en\/volunteers\/\"]}]},{\"@type\":\"ImageObject\",\"inLanguage\":\"en-US\",\"@id\":\"https:\/\/galatzotrail.com\/en\/volunteers\/#primaryimage\",\"url\":\"https:\/\/i0.wp.com\/galatzotrail.com\/wp-content\/uploads\/2024\/06\/gt-voluntarios.png?fit=1417%2C945&ssl=1\",\"contentUrl\":\"https:\/\/i0.wp.com\/galatzotrail.com\/wp-content\/uploads\/2024\/06\/gt-voluntarios.png?fit=1417%2C945&ssl=1\",\"width\":1417,\"height\":945,\"caption\":\"gt-voluntarios Galer\u00eda Galatzo\u0301 Trail - Carrera de Montan\u0303a en Mallorca\"},{\"@type\":\"BreadcrumbList\",\"@id\":\"https:\/\/galatzotrail.com\/en\/volunteers\/#breadcrumb\",\"itemListElement\":[{\"@type\":\"ListItem\",\"position\":1,\"name\":\"Portada\",\"item\":\"https:\/\/galatzotrail.com\/en\/\"},{\"@type\":\"ListItem\",\"position\":2,\"name\":\"Volunteers\"}]},{\"@type\":\"WebSite\",\"@id\":\"https:\/\/galatzotrail.com\/en\/#website\",\"url\":\"https:\/\/galatzotrail.com\/en\/\",\"name\":\"Galatz\u00f3 Trail\",\"description\":\"Mallorca Trail Mountain Marathon. 43 o 23 km de puro trail running en una de las monta\u00f1as m\u00e1s m\u00edticas de Mallorca: el puig de Galatz\u00f3, en Calvi\u00e0.\",\"publisher\":{\"@id\":\"https:\/\/galatzotrail.com\/en\/#organization\"},\"potentialAction\":[{\"@type\":\"SearchAction\",\"target\":{\"@type\":\"EntryPoint\",\"urlTemplate\":\"https:\/\/galatzotrail.com\/en\/?s={search_term_string}\"},\"query-input\":{\"@type\":\"PropertyValueSpecification\",\"valueRequired\":true,\"valueName\":\"search_term_string\"}}],\"inLanguage\":\"en-US\"},{\"@type\":\"Organization\",\"@id\":\"https:\/\/galatzotrail.com\/en\/#organization\",\"name\":\"Galatz\u00f3 Trail\",\"alternateName\":\"Fundaci\u00f3n Calvi\u00e0 2004\",\"url\":\"https:\/\/galatzotrail.com\/en\/\",\"logo\":{\"@type\":\"ImageObject\",\"inLanguage\":\"en-US\",\"@id\":\"https:\/\/galatzotrail.com\/en\/#\/schema\/logo\/image\/\",\"url\":\"https:\/\/i0.wp.com\/galatzotrail.com\/wp-content\/uploads\/2023\/05\/logo-galatzo-trail-fondo-blanco.png?fit=4525%2C3073&ssl=1\",\"contentUrl\":\"https:\/\/i0.wp.com\/galatzotrail.com\/wp-content\/uploads\/2023\/05\/logo-galatzo-trail-fondo-blanco.png?fit=4525%2C3073&ssl=1\",\"width\":4525,\"height\":3073,\"caption\":\"Galatz\u00f3 Trail\"},\"image\":{\"@id\":\"https:\/\/galatzotrail.com\/en\/#\/schema\/logo\/image\/\"},\"sameAs\":[\"https:\/\/www.facebook.com\/galatzotrail\/\",\"https:\/\/www.instagram.com\/galatzotrail\/?hl=es\"]}]}<\/script>\n<!-- \/ Yoast SEO plugin. -->","yoast_head_json":{"title":"VOLUNTEERS - Galatz\u00f3 Trail Mallorca","description":"La Galatz\u00f3 trail te necesita. Buscamos personas como t\u00fa, con energ\u00eda, fuerza y ganas de vivir con intensidad una experiencia inolvidable, ser parte de la organizaci\u00f3n de uno de los eventos m\u00e1s importantes del a\u00f1o en Baleares.","robots":{"index":"index","follow":"follow","max-snippet":"max-snippet:-1","max-image-preview":"max-image-preview:large","max-video-preview":"max-video-preview:-1"},"canonical":"https:\/\/galatzotrail.com\/en\/volunteers\/","og_locale":"en_US","og_type":"article","og_title":"VOLUNTEERS - Galatz\u00f3 Trail Mallorca","og_description":"La Galatz\u00f3 trail te necesita. Buscamos personas como t\u00fa, con energ\u00eda, fuerza y ganas de vivir con intensidad una experiencia inolvidable, ser parte de la organizaci\u00f3n de uno de los eventos m\u00e1s importantes del a\u00f1o en Baleares.","og_url":"https:\/\/galatzotrail.com\/en\/volunteers\/","og_site_name":"Galatz\u00f3 Trail","article_publisher":"https:\/\/www.facebook.com\/galatzotrail\/","article_modified_time":"2026-01-26T12:49:12+00:00","og_image":[{"width":1417,"height":945,"url":"https:\/\/galatzotrail.com\/wp-content\/uploads\/2024\/06\/gt-voluntarios.png","type":"image\/png"}],"twitter_card":"summary_large_image","twitter_misc":{"Est. reading time":"3 minutes"},"schema":{"@context":"https:\/\/schema.org","@graph":[{"@type":"WebPage","@id":"https:\/\/galatzotrail.com\/en\/volunteers\/","url":"https:\/\/galatzotrail.com\/en\/volunteers\/","name":"VOLUNTEERS - Galatz\u00f3 Trail Mallorca","isPartOf":{"@id":"https:\/\/galatzotrail.com\/en\/#website"},"primaryImageOfPage":{"@id":"https:\/\/galatzotrail.com\/en\/volunteers\/#primaryimage"},"image":{"@id":"https:\/\/galatzotrail.com\/en\/volunteers\/#primaryimage"},"thumbnailUrl":"https:\/\/i0.wp.com\/galatzotrail.com\/wp-content\/uploads\/2024\/06\/gt-voluntarios.png?fit=1417%2C945&ssl=1","datePublished":"2023-06-19T10:28:05+00:00","dateModified":"2026-01-26T12:49:12+00:00","description":"La Galatz\u00f3 trail te necesita. Buscamos personas como t\u00fa, con energ\u00eda, fuerza y ganas de vivir con intensidad una experiencia inolvidable, ser parte de la organizaci\u00f3n de uno de los eventos m\u00e1s importantes del a\u00f1o en Baleares.","breadcrumb":{"@id":"https:\/\/galatzotrail.com\/en\/volunteers\/#breadcrumb"},"inLanguage":"en-US","potentialAction":[{"@type":"ReadAction","target":["https:\/\/galatzotrail.com\/en\/volunteers\/"]}]},{"@type":"ImageObject","inLanguage":"en-US","@id":"https:\/\/galatzotrail.com\/en\/volunteers\/#primaryimage","url":"https:\/\/i0.wp.com\/galatzotrail.com\/wp-content\/uploads\/2024\/06\/gt-voluntarios.png?fit=1417%2C945&ssl=1","contentUrl":"https:\/\/i0.wp.com\/galatzotrail.com\/wp-content\/uploads\/2024\/06\/gt-voluntarios.png?fit=1417%2C945&ssl=1","width":1417,"height":945,"caption":"gt-voluntarios Galer\u00eda Galatzo\u0301 Trail - Carrera de Montan\u0303a en Mallorca"},{"@type":"BreadcrumbList","@id":"https:\/\/galatzotrail.com\/en\/volunteers\/#breadcrumb","itemListElement":[{"@type":"ListItem","position":1,"name":"Portada","item":"https:\/\/galatzotrail.com\/en\/"},{"@type":"ListItem","position":2,"name":"Volunteers"}]},{"@type":"WebSite","@id":"https:\/\/galatzotrail.com\/en\/#website","url":"https:\/\/galatzotrail.com\/en\/","name":"Galatz\u00f3 Trail","description":"Mallorca Trail Mountain Marathon. 43 o 23 km de puro trail running en una de las monta\u00f1as m\u00e1s m\u00edticas de Mallorca: el puig de Galatz\u00f3, en Calvi\u00e0.","publisher":{"@id":"https:\/\/galatzotrail.com\/en\/#organization"},"potentialAction":[{"@type":"SearchAction","target":{"@type":"EntryPoint","urlTemplate":"https:\/\/galatzotrail.com\/en\/?s={search_term_string}"},"query-input":{"@type":"PropertyValueSpecification","valueRequired":true,"valueName":"search_term_string"}}],"inLanguage":"en-US"},{"@type":"Organization","@id":"https:\/\/galatzotrail.com\/en\/#organization","name":"Galatz\u00f3 Trail","alternateName":"Fundaci\u00f3n Calvi\u00e0 2004","url":"https:\/\/galatzotrail.com\/en\/","logo":{"@type":"ImageObject","inLanguage":"en-US","@id":"https:\/\/galatzotrail.com\/en\/#\/schema\/logo\/image\/","url":"https:\/\/i0.wp.com\/galatzotrail.com\/wp-content\/uploads\/2023\/05\/logo-galatzo-trail-fondo-blanco.png?fit=4525%2C3073&ssl=1","contentUrl":"https:\/\/i0.wp.com\/galatzotrail.com\/wp-content\/uploads\/2023\/05\/logo-galatzo-trail-fondo-blanco.png?fit=4525%2C3073&ssl=1","width":4525,"height":3073,"caption":"Galatz\u00f3 Trail"},"image":{"@id":"https:\/\/galatzotrail.com\/en\/#\/schema\/logo\/image\/"},"sameAs":["https:\/\/www.facebook.com\/galatzotrail\/","https:\/\/www.instagram.com\/galatzotrail\/?hl=es"]}]}},"jetpack_likes_enabled":true,"jetpack_sharing_enabled":true,"jetpack_shortlink":"https:\/\/wp.me\/PeQ9AI-2hs","jetpack-related-posts":[],"_links":{"self":[{"href":"https:\/\/galatzotrail.com\/en\/wp-json\/wp\/v2\/pages\/8770","targetHints":{"allow":["GET"]}}],"collection":[{"href":"https:\/\/galatzotrail.com\/en\/wp-json\/wp\/v2\/pages"}],"about":[{"href":"https:\/\/galatzotrail.com\/en\/wp-json\/wp\/v2\/types\/page"}],"author":[{"embeddable":true,"href":"https:\/\/galatzotrail.com\/en\/wp-json\/wp\/v2\/users\/235573868"}],"replies":[{"embeddable":true,"href":"https:\/\/galatzotrail.com\/en\/wp-json\/wp\/v2\/comments?post=8770"}],"version-history":[{"count":9,"href":"https:\/\/galatzotrail.com\/en\/wp-json\/wp\/v2\/pages\/8770\/revisions"}],"predecessor-version":[{"id":10979,"href":"https:\/\/galatzotrail.com\/en\/wp-json\/wp\/v2\/pages\/8770\/revisions\/10979"}],"wp:featuredmedia":[{"embeddable":true,"href":"https:\/\/galatzotrail.com\/en\/wp-json\/wp\/v2\/media\/9887"}],"wp:attachment":[{"href":"https:\/\/galatzotrail.com\/en\/wp-json\/wp\/v2\/media?parent=8770"}],"curies":[{"name":"wp","href":"https:\/\/api.w.org\/{rel}","templated":true}]}}