{"id":8696,"date":"2023-06-12T11:18:47","date_gmt":"2023-06-12T09:18:47","guid":{"rendered":"https:\/\/galatzotrail.com\/categories-and-prizes\/"},"modified":"2026-01-08T12:08:47","modified_gmt":"2026-01-08T11:08:47","slug":"categories-and-prizes","status":"publish","type":"page","link":"https:\/\/galatzotrail.com\/en\/categories-and-prizes\/","title":{"rendered":"Categories and prizes"},"content":{"rendered":"<section class=\"wpb-content-wrapper\"><p>[vc_row full_width=&#8221;stretch_row&#8221; css=&#8221;.vc_custom_1752224349599{padding-top: 100px !important;background-color: #ffffff !important;}&#8221; top_section_title=&#8221;&#8221; bottom_section_title=&#8221;&#8221;][vc_column css=&#8221;.vc_custom_1515752113308{padding-right: 0px !important;padding-left: 0px !important;}&#8221;][vc_row_inner css=&#8221;.vc_custom_1686642961687{padding-top: 40px !important;padding-right: 100px !important;padding-bottom: 30px !important;padding-left: 100px !important;}&#8221;][vc_column_inner][vc_empty_space height=&#8221;25px&#8221;][vc_empty_space height=&#8221;25px&#8221;]<header class=\"kd-section-title col-lg-12 text-left  kd-animated fadeIn   vc_custom_1752224381168\" data-animation-delay=200><h2 class=\"separator_off\" style=\"color: #efcf00;\">Prizes &amp; categories<\/h2><\/header>[vc_column_text]<\/p>\n<h3>Prizes:<\/h3>\n<p><span style=\"font-weight: 400;\">Awards will be given to the <\/span><b>top 3 male and female overall finishers<\/b><span style=\"font-weight: 400;\"> in each race.<\/span><\/p>\n<p><span style=\"font-weight: 400;\">In the HALF and LEGEND events, <\/span><b>only the first 3 males and females<\/b><span style=\"font-weight: 400;\"> finishers in each age group will receive awards.<\/span><\/p>\n<p><b>Winners must be present at the awards ceremony<\/b><span style=\"font-weight: 400;\"> to claim their prizes.<\/span><\/p>\n<h3>Categories:<\/h3>\n<table>\n<tbody>\n<tr>\n<td><b>CATEGORY<\/b><\/td>\n<td><b>GT EXPLORER<\/b><\/td>\n<td><b>GT HALF<\/b><\/td>\n<td><b>GT LEGEND<\/b><\/td>\n<\/tr>\n<tr>\n<td><span style=\"font-weight: 400;\">OVERALL M\/F<\/span><\/td>\n<td><span style=\"font-weight: 400;\">1st\u20135th<\/span><\/td>\n<td><span style=\"font-weight: 400;\">1st\u20133rd<\/span><\/td>\n<td><span style=\"font-weight: 400;\">1st\u20133rd<\/span><\/td>\n<\/tr>\n<tr>\n<td><span style=\"font-weight: 400;\">U23 M\/F (21\u201323)<\/span><\/td>\n<td><span style=\"font-weight: 400;\">\u2013<\/span><\/td>\n<td><span style=\"font-weight: 400;\">1st, 2nd, 3rd<\/span><\/td>\n<td><span style=\"font-weight: 400;\">1st, 2nd, 3rd<\/span><\/td>\n<\/tr>\n<tr>\n<td><span style=\"font-weight: 400;\">SENIOR M\/F (24\u201339)<\/span><\/td>\n<td><span style=\"font-weight: 400;\">\u2013<\/span><\/td>\n<td><span style=\"font-weight: 400;\">1st, 2nd, 3rd<\/span><\/td>\n<td><span style=\"font-weight: 400;\">1st, 2nd, 3rd<\/span><\/td>\n<\/tr>\n<tr>\n<td><span style=\"font-weight: 400;\">VETERAN A M40\/F40 (40\u201349)<\/span><\/td>\n<td><span style=\"font-weight: 400;\">\u2013<\/span><\/td>\n<td><span style=\"font-weight: 400;\">1st, 2nd, 3rd<\/span><\/td>\n<td><span style=\"font-weight: 400;\">1st, 2nd, 3rd<\/span><\/td>\n<\/tr>\n<tr>\n<td><span style=\"font-weight: 400;\">VETERAN B M50\/F50 (50\u201354)<\/span><\/td>\n<td><span style=\"font-weight: 400;\">\u2013<\/span><\/td>\n<td><span style=\"font-weight: 400;\">1st, 2nd, 3rd<\/span><\/td>\n<td><span style=\"font-weight: 400;\">1st, 2nd, 3rd<\/span><\/td>\n<\/tr>\n<tr>\n<td><span style=\"font-weight: 400;\">MASTER M55\/F55 (55\u201359)<\/span><\/td>\n<td><span style=\"font-weight: 400;\">\u2013<\/span><\/td>\n<td><span style=\"font-weight: 400;\">1st, 2nd, 3rd<\/span><\/td>\n<td><span style=\"font-weight: 400;\">1st, 2nd, 3rd<\/span><\/td>\n<\/tr>\n<tr>\n<td><span style=\"font-weight: 400;\">VETERAN C M60\/F60 (60+)<\/span><\/td>\n<td><span style=\"font-weight: 400;\">\u2013<\/span><\/td>\n<td><span style=\"font-weight: 400;\">1st, 2nd, 3rd<\/span><\/td>\n<td><span style=\"font-weight: 400;\">1st, 2nd, 3rd<\/span><\/td>\n<\/tr>\n<\/tbody>\n<\/table>\n<p><span style=\"font-weight: 400;\">Age groups are determined as of December 31 of the race year.<\/span><\/p>\n<\/section>","protected":false},"excerpt":{"rendered":"<p>[vc_row full_width=&#8221;stretch_row&#8221; css=&#8221;.vc_custom_1752224349599{padding-top: 100px !important;background-color: #ffffff !important;}&#8221; top_section_title=&#8221;&#8221; bottom_section_title=&#8221;&#8221;][vc_column css=&#8221;.vc_custom_1515752113308{padding-right: 0px !important;padding-left: 0px !important;}&#8221;][vc_row_inner css=&#8221;.vc_custom_1686642961687{padding-top: 40px !important;padding-right: 100px !important;padding-bottom: 30px [&hellip;]<\/p>\n","protected":false},"author":235573868,"featured_media":9656,"parent":0,"menu_order":0,"comment_status":"closed","ping_status":"closed","template":"","meta":{"_crdt_document":"","footnotes":""},"class_list":["post-8696","page","type-page","status-publish","has-post-thumbnail","hentry"],"yoast_head":"<!-- This site is optimized with the Yoast SEO plugin v27.4 - https:\/\/yoast.com\/product\/yoast-seo-wordpress\/ -->\n<title>Categories and prizes - Galatz\u00f3 Trail Mallorca<\/title>\n<meta name=\"description\" content=\"Junior, promesa, senior, veteranos A, veteranos B, masters, veteranos C y absoluta.\" \/>\n<meta name=\"robots\" content=\"index, follow, max-snippet:-1, max-image-preview:large, max-video-preview:-1\" \/>\n<link rel=\"canonical\" href=\"https:\/\/galatzotrail.com\/en\/categories-and-prizes\/\" \/>\n<meta property=\"og:locale\" content=\"en_US\" \/>\n<meta property=\"og:type\" content=\"article\" \/>\n<meta property=\"og:title\" content=\"Categories and prizes - Galatz\u00f3 Trail Mallorca\" \/>\n<meta property=\"og:description\" content=\"Junior, promesa, senior, veteranos A, veteranos B, masters, veteranos C y absoluta.\" \/>\n<meta property=\"og:url\" content=\"https:\/\/galatzotrail.com\/en\/categories-and-prizes\/\" \/>\n<meta property=\"og:site_name\" content=\"Galatz\u00f3 Trail\" \/>\n<meta property=\"article:publisher\" content=\"https:\/\/www.facebook.com\/galatzotrail\/\" \/>\n<meta property=\"article:modified_time\" content=\"2026-01-08T11:08:47+00:00\" \/>\n<meta property=\"og:image\" content=\"https:\/\/galatzotrail.com\/wp-content\/uploads\/2024\/05\/gt-meta_0008_img_7135.png\" \/>\n\t<meta property=\"og:image:width\" content=\"1417\" \/>\n\t<meta property=\"og:image:height\" content=\"945\" \/>\n\t<meta property=\"og:image:type\" content=\"image\/png\" \/>\n<meta name=\"twitter:card\" content=\"summary_large_image\" \/>\n<meta name=\"twitter:label1\" content=\"Est. reading time\" \/>\n\t<meta name=\"twitter:data1\" content=\"1 minute\" \/>\n<script type=\"application\/ld+json\" class=\"yoast-schema-graph\">{\"@context\":\"https:\\\/\\\/schema.org\",\"@graph\":[{\"@type\":\"WebPage\",\"@id\":\"https:\\\/\\\/galatzotrail.com\\\/en\\\/categories-and-prizes\\\/\",\"url\":\"https:\\\/\\\/galatzotrail.com\\\/en\\\/categories-and-prizes\\\/\",\"name\":\"Categories and prizes - Galatz\u00f3 Trail Mallorca\",\"isPartOf\":{\"@id\":\"https:\\\/\\\/galatzotrail.com\\\/en\\\/#website\"},\"primaryImageOfPage\":{\"@id\":\"https:\\\/\\\/galatzotrail.com\\\/en\\\/categories-and-prizes\\\/#primaryimage\"},\"image\":{\"@id\":\"https:\\\/\\\/galatzotrail.com\\\/en\\\/categories-and-prizes\\\/#primaryimage\"},\"thumbnailUrl\":\"https:\\\/\\\/i0.wp.com\\\/galatzotrail.com\\\/wp-content\\\/uploads\\\/2024\\\/05\\\/gt-meta_0008_img_7135.png?fit=1417%2C945&ssl=1\",\"datePublished\":\"2023-06-12T09:18:47+00:00\",\"dateModified\":\"2026-01-08T11:08:47+00:00\",\"description\":\"Junior, promesa, senior, veteranos A, veteranos B, masters, veteranos C y absoluta.\",\"breadcrumb\":{\"@id\":\"https:\\\/\\\/galatzotrail.com\\\/en\\\/categories-and-prizes\\\/#breadcrumb\"},\"inLanguage\":\"en-US\",\"potentialAction\":[{\"@type\":\"ReadAction\",\"target\":[\"https:\\\/\\\/galatzotrail.com\\\/en\\\/categories-and-prizes\\\/\"]}]},{\"@type\":\"ImageObject\",\"inLanguage\":\"en-US\",\"@id\":\"https:\\\/\\\/galatzotrail.com\\\/en\\\/categories-and-prizes\\\/#primaryimage\",\"url\":\"https:\\\/\\\/i0.wp.com\\\/galatzotrail.com\\\/wp-content\\\/uploads\\\/2024\\\/05\\\/gt-meta_0008_img_7135.png?fit=1417%2C945&ssl=1\",\"contentUrl\":\"https:\\\/\\\/i0.wp.com\\\/galatzotrail.com\\\/wp-content\\\/uploads\\\/2024\\\/05\\\/gt-meta_0008_img_7135.png?fit=1417%2C945&ssl=1\",\"width\":1417,\"height\":945},{\"@type\":\"BreadcrumbList\",\"@id\":\"https:\\\/\\\/galatzotrail.com\\\/en\\\/categories-and-prizes\\\/#breadcrumb\",\"itemListElement\":[{\"@type\":\"ListItem\",\"position\":1,\"name\":\"Portada\",\"item\":\"https:\\\/\\\/galatzotrail.com\\\/en\\\/\"},{\"@type\":\"ListItem\",\"position\":2,\"name\":\"Categories and prizes\"}]},{\"@type\":\"WebSite\",\"@id\":\"https:\\\/\\\/galatzotrail.com\\\/en\\\/#website\",\"url\":\"https:\\\/\\\/galatzotrail.com\\\/en\\\/\",\"name\":\"Galatz\u00f3 Trail\",\"description\":\"Mallorca Trail Mountain Marathon. 43 o 23 km de puro trail running en una de las monta\u00f1as m\u00e1s m\u00edticas de Mallorca: el puig de Galatz\u00f3, en Calvi\u00e0.\",\"publisher\":{\"@id\":\"https:\\\/\\\/galatzotrail.com\\\/en\\\/#organization\"},\"potentialAction\":[{\"@type\":\"SearchAction\",\"target\":{\"@type\":\"EntryPoint\",\"urlTemplate\":\"https:\\\/\\\/galatzotrail.com\\\/en\\\/?s={search_term_string}\"},\"query-input\":{\"@type\":\"PropertyValueSpecification\",\"valueRequired\":true,\"valueName\":\"search_term_string\"}}],\"inLanguage\":\"en-US\"},{\"@type\":\"Organization\",\"@id\":\"https:\\\/\\\/galatzotrail.com\\\/en\\\/#organization\",\"name\":\"Galatz\u00f3 Trail\",\"alternateName\":\"Fundaci\u00f3n Calvi\u00e0 2004\",\"url\":\"https:\\\/\\\/galatzotrail.com\\\/en\\\/\",\"logo\":{\"@type\":\"ImageObject\",\"inLanguage\":\"en-US\",\"@id\":\"https:\\\/\\\/galatzotrail.com\\\/en\\\/#\\\/schema\\\/logo\\\/image\\\/\",\"url\":\"https:\\\/\\\/i0.wp.com\\\/galatzotrail.com\\\/wp-content\\\/uploads\\\/2023\\\/05\\\/logo-galatzo-trail-fondo-blanco.png?fit=4525%2C3073&ssl=1\",\"contentUrl\":\"https:\\\/\\\/i0.wp.com\\\/galatzotrail.com\\\/wp-content\\\/uploads\\\/2023\\\/05\\\/logo-galatzo-trail-fondo-blanco.png?fit=4525%2C3073&ssl=1\",\"width\":4525,\"height\":3073,\"caption\":\"Galatz\u00f3 Trail\"},\"image\":{\"@id\":\"https:\\\/\\\/galatzotrail.com\\\/en\\\/#\\\/schema\\\/logo\\\/image\\\/\"},\"sameAs\":[\"https:\\\/\\\/www.facebook.com\\\/galatzotrail\\\/\",\"https:\\\/\\\/www.instagram.com\\\/galatzotrail\\\/?hl=es\"]}]}<\/script>\n<!-- \/ Yoast SEO plugin. -->","yoast_head_json":{"title":"Categories and prizes - Galatz\u00f3 Trail Mallorca","description":"Junior, promesa, senior, veteranos A, veteranos B, masters, veteranos C y absoluta.","robots":{"index":"index","follow":"follow","max-snippet":"max-snippet:-1","max-image-preview":"max-image-preview:large","max-video-preview":"max-video-preview:-1"},"canonical":"https:\/\/galatzotrail.com\/en\/categories-and-prizes\/","og_locale":"en_US","og_type":"article","og_title":"Categories and prizes - Galatz\u00f3 Trail Mallorca","og_description":"Junior, promesa, senior, veteranos A, veteranos B, masters, veteranos C y absoluta.","og_url":"https:\/\/galatzotrail.com\/en\/categories-and-prizes\/","og_site_name":"Galatz\u00f3 Trail","article_publisher":"https:\/\/www.facebook.com\/galatzotrail\/","article_modified_time":"2026-01-08T11:08:47+00:00","og_image":[{"width":1417,"height":945,"url":"https:\/\/galatzotrail.com\/wp-content\/uploads\/2024\/05\/gt-meta_0008_img_7135.png","type":"image\/png"}],"twitter_card":"summary_large_image","twitter_misc":{"Est. reading time":"1 minute"},"schema":{"@context":"https:\/\/schema.org","@graph":[{"@type":"WebPage","@id":"https:\/\/galatzotrail.com\/en\/categories-and-prizes\/","url":"https:\/\/galatzotrail.com\/en\/categories-and-prizes\/","name":"Categories and prizes - Galatz\u00f3 Trail Mallorca","isPartOf":{"@id":"https:\/\/galatzotrail.com\/en\/#website"},"primaryImageOfPage":{"@id":"https:\/\/galatzotrail.com\/en\/categories-and-prizes\/#primaryimage"},"image":{"@id":"https:\/\/galatzotrail.com\/en\/categories-and-prizes\/#primaryimage"},"thumbnailUrl":"https:\/\/i0.wp.com\/galatzotrail.com\/wp-content\/uploads\/2024\/05\/gt-meta_0008_img_7135.png?fit=1417%2C945&ssl=1","datePublished":"2023-06-12T09:18:47+00:00","dateModified":"2026-01-08T11:08:47+00:00","description":"Junior, promesa, senior, veteranos A, veteranos B, masters, veteranos C y absoluta.","breadcrumb":{"@id":"https:\/\/galatzotrail.com\/en\/categories-and-prizes\/#breadcrumb"},"inLanguage":"en-US","potentialAction":[{"@type":"ReadAction","target":["https:\/\/galatzotrail.com\/en\/categories-and-prizes\/"]}]},{"@type":"ImageObject","inLanguage":"en-US","@id":"https:\/\/galatzotrail.com\/en\/categories-and-prizes\/#primaryimage","url":"https:\/\/i0.wp.com\/galatzotrail.com\/wp-content\/uploads\/2024\/05\/gt-meta_0008_img_7135.png?fit=1417%2C945&ssl=1","contentUrl":"https:\/\/i0.wp.com\/galatzotrail.com\/wp-content\/uploads\/2024\/05\/gt-meta_0008_img_7135.png?fit=1417%2C945&ssl=1","width":1417,"height":945},{"@type":"BreadcrumbList","@id":"https:\/\/galatzotrail.com\/en\/categories-and-prizes\/#breadcrumb","itemListElement":[{"@type":"ListItem","position":1,"name":"Portada","item":"https:\/\/galatzotrail.com\/en\/"},{"@type":"ListItem","position":2,"name":"Categories and prizes"}]},{"@type":"WebSite","@id":"https:\/\/galatzotrail.com\/en\/#website","url":"https:\/\/galatzotrail.com\/en\/","name":"Galatz\u00f3 Trail","description":"Mallorca Trail Mountain Marathon. 43 o 23 km de puro trail running en una de las monta\u00f1as m\u00e1s m\u00edticas de Mallorca: el puig de Galatz\u00f3, en Calvi\u00e0.","publisher":{"@id":"https:\/\/galatzotrail.com\/en\/#organization"},"potentialAction":[{"@type":"SearchAction","target":{"@type":"EntryPoint","urlTemplate":"https:\/\/galatzotrail.com\/en\/?s={search_term_string}"},"query-input":{"@type":"PropertyValueSpecification","valueRequired":true,"valueName":"search_term_string"}}],"inLanguage":"en-US"},{"@type":"Organization","@id":"https:\/\/galatzotrail.com\/en\/#organization","name":"Galatz\u00f3 Trail","alternateName":"Fundaci\u00f3n Calvi\u00e0 2004","url":"https:\/\/galatzotrail.com\/en\/","logo":{"@type":"ImageObject","inLanguage":"en-US","@id":"https:\/\/galatzotrail.com\/en\/#\/schema\/logo\/image\/","url":"https:\/\/i0.wp.com\/galatzotrail.com\/wp-content\/uploads\/2023\/05\/logo-galatzo-trail-fondo-blanco.png?fit=4525%2C3073&ssl=1","contentUrl":"https:\/\/i0.wp.com\/galatzotrail.com\/wp-content\/uploads\/2023\/05\/logo-galatzo-trail-fondo-blanco.png?fit=4525%2C3073&ssl=1","width":4525,"height":3073,"caption":"Galatz\u00f3 Trail"},"image":{"@id":"https:\/\/galatzotrail.com\/en\/#\/schema\/logo\/image\/"},"sameAs":["https:\/\/www.facebook.com\/galatzotrail\/","https:\/\/www.instagram.com\/galatzotrail\/?hl=es"]}]}},"jetpack_likes_enabled":true,"jetpack_sharing_enabled":true,"jetpack_shortlink":"https:\/\/wp.me\/PeQ9AI-2gg","jetpack-related-posts":[],"_links":{"self":[{"href":"https:\/\/galatzotrail.com\/en\/wp-json\/wp\/v2\/pages\/8696","targetHints":{"allow":["GET"]}}],"collection":[{"href":"https:\/\/galatzotrail.com\/en\/wp-json\/wp\/v2\/pages"}],"about":[{"href":"https:\/\/galatzotrail.com\/en\/wp-json\/wp\/v2\/types\/page"}],"author":[{"embeddable":true,"href":"https:\/\/galatzotrail.com\/en\/wp-json\/wp\/v2\/users\/235573868"}],"replies":[{"embeddable":true,"href":"https:\/\/galatzotrail.com\/en\/wp-json\/wp\/v2\/comments?post=8696"}],"version-history":[{"count":14,"href":"https:\/\/galatzotrail.com\/en\/wp-json\/wp\/v2\/pages\/8696\/revisions"}],"predecessor-version":[{"id":10938,"href":"https:\/\/galatzotrail.com\/en\/wp-json\/wp\/v2\/pages\/8696\/revisions\/10938"}],"wp:featuredmedia":[{"embeddable":true,"href":"https:\/\/galatzotrail.com\/en\/wp-json\/wp\/v2\/media\/9656"}],"wp:attachment":[{"href":"https:\/\/galatzotrail.com\/en\/wp-json\/wp\/v2\/media?parent=8696"}],"curies":[{"name":"wp","href":"https:\/\/api.w.org\/{rel}","templated":true}]}}