{"id":10320,"date":"2025-01-31T13:05:54","date_gmt":"2025-01-31T12:05:54","guid":{"rendered":"https:\/\/galatzotrail.com\/?page_id=10320"},"modified":"2026-02-11T09:25:21","modified_gmt":"2026-02-11T08:25:21","slug":"parkreserve","status":"publish","type":"page","link":"https:\/\/galatzotrail.com\/en\/parkreserve\/","title":{"rendered":"Park Reserve"},"content":{"rendered":"<section class=\"wpb-content-wrapper\"><p>[vc_row full_width=&#8221;stretch_row&#8221; full_height=&#8221;yes&#8221; content_placement=&#8221;top&#8221; css=&#8221;.vc_custom_1738158093939{margin-right: 15px !important;padding-top: 230px !important;padding-bottom: 250px !important;background-image: url(<a href=\"https:\/\/galatzotrail.com\/wp-content\/uploads\/2023\/06\/Galatzo-Trail-ODS.jpg?id=8212\">https:\/\/galatzotrail.com\/wp-content\/uploads\/2023\/06\/Galatzo-Trail-ODS.jpg?id=8212<\/a>) !important;background-position: center !important;background-repeat: no-repeat !important;background-size: cover !important;}&#8221;][vc_column width=&#8221;1\/2&#8243; css=&#8221;.vc_custom_1686832760160{padding-top: 5px !important;padding-right: 50px !important;padding-bottom: 30px !important;padding-left: 50px !important;background-color: #ffffff !important;border-radius: 10px !important;}&#8221; offset=&#8221;vc_col-lg-6 vc_col-md-12&#8243;][vc_empty_space height=&#8221;20px&#8221;][vc_single_image image=&#8221;10252&#8243; img_size=&#8221;medium&#8221; alignment=&#8221;center&#8221;][vc_empty_space height=&#8221;20px&#8221;]<header class=\"kd-section-title col-lg-12 text-left  kd-animated fadeIn  \" data-animation-delay=200><h2 class=\"separator_off\" style=\"color: #000000;\">Reserva Park Sponsor of the Galatz\u00f3 Trail<\/h2><h6 class=\"subtitle subtitle-text-underline\" style=\"color: #000000;\">The collaboration of this magnificent nature park is key to maintaining the current routes and offering participants the opportunity to visit it.<\/h6><\/header>[vc_column_text]The only nature park in Mallorca, Reserva Park is one of the collaborating entities of GALATZ\u00d3 TRAI in 2026. This spectacular space offers different activities related to hiking, adventure sports and the enjoyment of the native flora and fauna. In addition, the park allows you to enjoy spectacular landscapes, with waterfalls, bridges, etc.<\/p>\n<p>Thanks to the collaboration established, the participants who are lucky in the different raffles of the race, will have the opportunity to visit the park and do adventure activities (zip line&#8230;). In addition, the collaboration of RESERVA PARK is crucial to maintain the routes that have made GALATZ\u00d3 TRAIL a spectacular race.<\/p>\n<p>If you are looking for fun with your family or friends in a natural environment in Mallorca, Reserva Park must always be one of your options.[\/vc_column_text][vc_btn title=&#8221;Web Reserva Park&#8221; color=&#8221;black&#8221; align=&#8221;left&#8221; link=&#8221;url:https%3A%2F%2Fwww.reservapark.net%2F|&#8221;][\/vc_column][vc_column width=&#8221;1\/12&#8243;][\/vc_column][vc_column width=&#8221;5\/12&#8243; css=&#8221;.vc_custom_1687163496179{padding-top: 15px !important;padding-right: 50px !important;padding-bottom: 30px !important;padding-left: 50px !important;}&#8221; offset=&#8221;vc_col-lg-5 vc_col-md-12&#8243; el_class=&#8221;with-shadow&#8221;][\/vc_column][\/vc_row]<\/p>\n<\/section>","protected":false},"excerpt":{"rendered":"<p>[vc_row full_width=&#8221;stretch_row&#8221; full_height=&#8221;yes&#8221; content_placement=&#8221;top&#8221; css=&#8221;.vc_custom_1738158093939{margin-right: 15px !important;padding-top: 230px !important;padding-bottom: 250px !important;background-image: url(<a href=\"https:\/\/galatzotrail.com\/wp-content\/uploads\/2023\/06\/Galatzo-Trail-ODS.jpg?id=8212\">https:\/\/galatzotrail.com\/wp-content\/uploads\/2023\/06\/Galatzo-Trail-ODS.jpg?id=8212<\/a>) !important;background-position: center !important;background-repeat: no-repeat !important;background-size: cover !important;}&#8221;][vc_column width=&#8221;1\/2&#8243; [&hellip;]<\/p>\n","protected":false},"author":235573868,"featured_media":10236,"parent":0,"menu_order":0,"comment_status":"closed","ping_status":"closed","template":"","meta":{"_crdt_document":"","footnotes":""},"class_list":["post-10320","page","type-page","status-publish","has-post-thumbnail","hentry"],"yoast_head":"<!-- This site is optimized with the Yoast SEO plugin v27.5 - https:\/\/yoast.com\/product\/yoast-seo-wordpress\/ -->\n<title>Park Reserve | Galatz\u00f3 Trail<\/title>\n<meta name=\"robots\" content=\"index, follow, max-snippet:-1, max-image-preview:large, max-video-preview:-1\" \/>\n<link rel=\"canonical\" href=\"https:\/\/galatzotrail.com\/en\/parkreserve\/\" \/>\n<meta property=\"og:locale\" content=\"en_US\" \/>\n<meta property=\"og:type\" content=\"article\" \/>\n<meta property=\"og:title\" content=\"Park Reserve | Galatz\u00f3 Trail\" \/>\n<meta property=\"og:description\" content=\"[vc_row full_width=&#8221;stretch_row&#8221; full_height=&#8221;yes&#8221; content_placement=&#8221;top&#8221; css=&#8221;.vc_custom_1738158093939{margin-right: 15px !important;padding-top: 230px !important;padding-bottom: 250px !important;background-image: url(https:\/\/galatzotrail.com\/wp-content\/uploads\/2023\/06\/Galatzo-Trail-ODS.jpg?id=8212) !important;background-position: center !important;background-repeat: no-repeat !important;background-size: cover !important;}&#8221;][vc_column width=&#8221;1\/2&#8243; [&hellip;]\" \/>\n<meta property=\"og:url\" content=\"https:\/\/galatzotrail.com\/en\/parkreserve\/\" \/>\n<meta property=\"og:site_name\" content=\"Galatz\u00f3 Trail\" \/>\n<meta property=\"article:publisher\" content=\"https:\/\/www.facebook.com\/galatzotrail\/\" \/>\n<meta property=\"article:modified_time\" content=\"2026-02-11T08:25:21+00:00\" \/>\n<meta property=\"og:image\" content=\"https:\/\/galatzotrail.com\/wp-content\/uploads\/2025\/01\/foto-reserva-park-mallorca.png\" \/>\n\t<meta property=\"og:image:width\" content=\"806\" \/>\n\t<meta property=\"og:image:height\" content=\"748\" \/>\n\t<meta property=\"og:image:type\" content=\"image\/png\" \/>\n<meta name=\"twitter:card\" content=\"summary_large_image\" \/>\n<meta name=\"twitter:label1\" content=\"Est. reading time\" \/>\n\t<meta name=\"twitter:data1\" content=\"2 minutes\" \/>\n<script type=\"application\/ld+json\" class=\"yoast-schema-graph\">{\"@context\":\"https:\\\/\\\/schema.org\",\"@graph\":[{\"@type\":\"WebPage\",\"@id\":\"https:\\\/\\\/galatzotrail.com\\\/en\\\/parkreserve\\\/\",\"url\":\"https:\\\/\\\/galatzotrail.com\\\/en\\\/parkreserve\\\/\",\"name\":\"Park Reserve | Galatz\u00f3 Trail\",\"isPartOf\":{\"@id\":\"https:\\\/\\\/galatzotrail.com\\\/en\\\/#website\"},\"primaryImageOfPage\":{\"@id\":\"https:\\\/\\\/galatzotrail.com\\\/en\\\/parkreserve\\\/#primaryimage\"},\"image\":{\"@id\":\"https:\\\/\\\/galatzotrail.com\\\/en\\\/parkreserve\\\/#primaryimage\"},\"thumbnailUrl\":\"https:\\\/\\\/i0.wp.com\\\/galatzotrail.com\\\/wp-content\\\/uploads\\\/2025\\\/01\\\/foto-reserva-park-mallorca.png?fit=806%2C748&ssl=1\",\"datePublished\":\"2025-01-31T12:05:54+00:00\",\"dateModified\":\"2026-02-11T08:25:21+00:00\",\"breadcrumb\":{\"@id\":\"https:\\\/\\\/galatzotrail.com\\\/en\\\/parkreserve\\\/#breadcrumb\"},\"inLanguage\":\"en-US\",\"potentialAction\":[{\"@type\":\"ReadAction\",\"target\":[\"https:\\\/\\\/galatzotrail.com\\\/en\\\/parkreserve\\\/\"]}]},{\"@type\":\"ImageObject\",\"inLanguage\":\"en-US\",\"@id\":\"https:\\\/\\\/galatzotrail.com\\\/en\\\/parkreserve\\\/#primaryimage\",\"url\":\"https:\\\/\\\/i0.wp.com\\\/galatzotrail.com\\\/wp-content\\\/uploads\\\/2025\\\/01\\\/foto-reserva-park-mallorca.png?fit=806%2C748&ssl=1\",\"contentUrl\":\"https:\\\/\\\/i0.wp.com\\\/galatzotrail.com\\\/wp-content\\\/uploads\\\/2025\\\/01\\\/foto-reserva-park-mallorca.png?fit=806%2C748&ssl=1\",\"width\":806,\"height\":748,\"caption\":\"Patrocinadores de la prueba Galatz\u00f3 Trail Mallorca\"},{\"@type\":\"BreadcrumbList\",\"@id\":\"https:\\\/\\\/galatzotrail.com\\\/en\\\/parkreserve\\\/#breadcrumb\",\"itemListElement\":[{\"@type\":\"ListItem\",\"position\":1,\"name\":\"Portada\",\"item\":\"https:\\\/\\\/galatzotrail.com\\\/en\\\/\"},{\"@type\":\"ListItem\",\"position\":2,\"name\":\"Park Reserve\"}]},{\"@type\":\"WebSite\",\"@id\":\"https:\\\/\\\/galatzotrail.com\\\/en\\\/#website\",\"url\":\"https:\\\/\\\/galatzotrail.com\\\/en\\\/\",\"name\":\"Galatz\u00f3 Trail\",\"description\":\"Mallorca Trail Mountain Marathon. 43 o 23 km de puro trail running en una de las monta\u00f1as m\u00e1s m\u00edticas de Mallorca: el puig de Galatz\u00f3, en Calvi\u00e0.\",\"publisher\":{\"@id\":\"https:\\\/\\\/galatzotrail.com\\\/en\\\/#organization\"},\"potentialAction\":[{\"@type\":\"SearchAction\",\"target\":{\"@type\":\"EntryPoint\",\"urlTemplate\":\"https:\\\/\\\/galatzotrail.com\\\/en\\\/?s={search_term_string}\"},\"query-input\":{\"@type\":\"PropertyValueSpecification\",\"valueRequired\":true,\"valueName\":\"search_term_string\"}}],\"inLanguage\":\"en-US\"},{\"@type\":\"Organization\",\"@id\":\"https:\\\/\\\/galatzotrail.com\\\/en\\\/#organization\",\"name\":\"Galatz\u00f3 Trail\",\"alternateName\":\"Fundaci\u00f3n Calvi\u00e0 2004\",\"url\":\"https:\\\/\\\/galatzotrail.com\\\/en\\\/\",\"logo\":{\"@type\":\"ImageObject\",\"inLanguage\":\"en-US\",\"@id\":\"https:\\\/\\\/galatzotrail.com\\\/en\\\/#\\\/schema\\\/logo\\\/image\\\/\",\"url\":\"https:\\\/\\\/i0.wp.com\\\/galatzotrail.com\\\/wp-content\\\/uploads\\\/2023\\\/05\\\/logo-galatzo-trail-fondo-blanco.png?fit=4525%2C3073&ssl=1\",\"contentUrl\":\"https:\\\/\\\/i0.wp.com\\\/galatzotrail.com\\\/wp-content\\\/uploads\\\/2023\\\/05\\\/logo-galatzo-trail-fondo-blanco.png?fit=4525%2C3073&ssl=1\",\"width\":4525,\"height\":3073,\"caption\":\"Galatz\u00f3 Trail\"},\"image\":{\"@id\":\"https:\\\/\\\/galatzotrail.com\\\/en\\\/#\\\/schema\\\/logo\\\/image\\\/\"},\"sameAs\":[\"https:\\\/\\\/www.facebook.com\\\/galatzotrail\\\/\",\"https:\\\/\\\/www.instagram.com\\\/galatzotrail\\\/?hl=es\"]}]}<\/script>\n<!-- \/ Yoast SEO plugin. -->","yoast_head_json":{"title":"Park Reserve | Galatz\u00f3 Trail","robots":{"index":"index","follow":"follow","max-snippet":"max-snippet:-1","max-image-preview":"max-image-preview:large","max-video-preview":"max-video-preview:-1"},"canonical":"https:\/\/galatzotrail.com\/en\/parkreserve\/","og_locale":"en_US","og_type":"article","og_title":"Park Reserve | Galatz\u00f3 Trail","og_description":"[vc_row full_width=&#8221;stretch_row&#8221; full_height=&#8221;yes&#8221; content_placement=&#8221;top&#8221; css=&#8221;.vc_custom_1738158093939{margin-right: 15px !important;padding-top: 230px !important;padding-bottom: 250px !important;background-image: url(https:\/\/galatzotrail.com\/wp-content\/uploads\/2023\/06\/Galatzo-Trail-ODS.jpg?id=8212) !important;background-position: center !important;background-repeat: no-repeat !important;background-size: cover !important;}&#8221;][vc_column width=&#8221;1\/2&#8243; [&hellip;]","og_url":"https:\/\/galatzotrail.com\/en\/parkreserve\/","og_site_name":"Galatz\u00f3 Trail","article_publisher":"https:\/\/www.facebook.com\/galatzotrail\/","article_modified_time":"2026-02-11T08:25:21+00:00","og_image":[{"width":806,"height":748,"url":"https:\/\/galatzotrail.com\/wp-content\/uploads\/2025\/01\/foto-reserva-park-mallorca.png","type":"image\/png"}],"twitter_card":"summary_large_image","twitter_misc":{"Est. reading time":"2 minutes"},"schema":{"@context":"https:\/\/schema.org","@graph":[{"@type":"WebPage","@id":"https:\/\/galatzotrail.com\/en\/parkreserve\/","url":"https:\/\/galatzotrail.com\/en\/parkreserve\/","name":"Park Reserve | Galatz\u00f3 Trail","isPartOf":{"@id":"https:\/\/galatzotrail.com\/en\/#website"},"primaryImageOfPage":{"@id":"https:\/\/galatzotrail.com\/en\/parkreserve\/#primaryimage"},"image":{"@id":"https:\/\/galatzotrail.com\/en\/parkreserve\/#primaryimage"},"thumbnailUrl":"https:\/\/i0.wp.com\/galatzotrail.com\/wp-content\/uploads\/2025\/01\/foto-reserva-park-mallorca.png?fit=806%2C748&ssl=1","datePublished":"2025-01-31T12:05:54+00:00","dateModified":"2026-02-11T08:25:21+00:00","breadcrumb":{"@id":"https:\/\/galatzotrail.com\/en\/parkreserve\/#breadcrumb"},"inLanguage":"en-US","potentialAction":[{"@type":"ReadAction","target":["https:\/\/galatzotrail.com\/en\/parkreserve\/"]}]},{"@type":"ImageObject","inLanguage":"en-US","@id":"https:\/\/galatzotrail.com\/en\/parkreserve\/#primaryimage","url":"https:\/\/i0.wp.com\/galatzotrail.com\/wp-content\/uploads\/2025\/01\/foto-reserva-park-mallorca.png?fit=806%2C748&ssl=1","contentUrl":"https:\/\/i0.wp.com\/galatzotrail.com\/wp-content\/uploads\/2025\/01\/foto-reserva-park-mallorca.png?fit=806%2C748&ssl=1","width":806,"height":748,"caption":"Patrocinadores de la prueba Galatz\u00f3 Trail Mallorca"},{"@type":"BreadcrumbList","@id":"https:\/\/galatzotrail.com\/en\/parkreserve\/#breadcrumb","itemListElement":[{"@type":"ListItem","position":1,"name":"Portada","item":"https:\/\/galatzotrail.com\/en\/"},{"@type":"ListItem","position":2,"name":"Park Reserve"}]},{"@type":"WebSite","@id":"https:\/\/galatzotrail.com\/en\/#website","url":"https:\/\/galatzotrail.com\/en\/","name":"Galatz\u00f3 Trail","description":"Mallorca Trail Mountain Marathon. 43 o 23 km de puro trail running en una de las monta\u00f1as m\u00e1s m\u00edticas de Mallorca: el puig de Galatz\u00f3, en Calvi\u00e0.","publisher":{"@id":"https:\/\/galatzotrail.com\/en\/#organization"},"potentialAction":[{"@type":"SearchAction","target":{"@type":"EntryPoint","urlTemplate":"https:\/\/galatzotrail.com\/en\/?s={search_term_string}"},"query-input":{"@type":"PropertyValueSpecification","valueRequired":true,"valueName":"search_term_string"}}],"inLanguage":"en-US"},{"@type":"Organization","@id":"https:\/\/galatzotrail.com\/en\/#organization","name":"Galatz\u00f3 Trail","alternateName":"Fundaci\u00f3n Calvi\u00e0 2004","url":"https:\/\/galatzotrail.com\/en\/","logo":{"@type":"ImageObject","inLanguage":"en-US","@id":"https:\/\/galatzotrail.com\/en\/#\/schema\/logo\/image\/","url":"https:\/\/i0.wp.com\/galatzotrail.com\/wp-content\/uploads\/2023\/05\/logo-galatzo-trail-fondo-blanco.png?fit=4525%2C3073&ssl=1","contentUrl":"https:\/\/i0.wp.com\/galatzotrail.com\/wp-content\/uploads\/2023\/05\/logo-galatzo-trail-fondo-blanco.png?fit=4525%2C3073&ssl=1","width":4525,"height":3073,"caption":"Galatz\u00f3 Trail"},"image":{"@id":"https:\/\/galatzotrail.com\/en\/#\/schema\/logo\/image\/"},"sameAs":["https:\/\/www.facebook.com\/galatzotrail\/","https:\/\/www.instagram.com\/galatzotrail\/?hl=es"]}]}},"jetpack_likes_enabled":true,"jetpack_sharing_enabled":true,"jetpack_shortlink":"https:\/\/wp.me\/PeQ9AI-2Gs","jetpack-related-posts":[],"_links":{"self":[{"href":"https:\/\/galatzotrail.com\/en\/wp-json\/wp\/v2\/pages\/10320","targetHints":{"allow":["GET"]}}],"collection":[{"href":"https:\/\/galatzotrail.com\/en\/wp-json\/wp\/v2\/pages"}],"about":[{"href":"https:\/\/galatzotrail.com\/en\/wp-json\/wp\/v2\/types\/page"}],"author":[{"embeddable":true,"href":"https:\/\/galatzotrail.com\/en\/wp-json\/wp\/v2\/users\/235573868"}],"replies":[{"embeddable":true,"href":"https:\/\/galatzotrail.com\/en\/wp-json\/wp\/v2\/comments?post=10320"}],"version-history":[{"count":5,"href":"https:\/\/galatzotrail.com\/en\/wp-json\/wp\/v2\/pages\/10320\/revisions"}],"predecessor-version":[{"id":11043,"href":"https:\/\/galatzotrail.com\/en\/wp-json\/wp\/v2\/pages\/10320\/revisions\/11043"}],"wp:featuredmedia":[{"embeddable":true,"href":"https:\/\/galatzotrail.com\/en\/wp-json\/wp\/v2\/media\/10236"}],"wp:attachment":[{"href":"https:\/\/galatzotrail.com\/en\/wp-json\/wp\/v2\/media?parent=10320"}],"curies":[{"name":"wp","href":"https:\/\/api.w.org\/{rel}","templated":true}]}}