{"id":8767,"date":"2023-06-19T12:28:05","date_gmt":"2023-06-19T10:28:05","guid":{"rendered":"https:\/\/galatzotrail.com\/voluntaris\/"},"modified":"2024-11-27T13:44:15","modified_gmt":"2024-11-27T12:44:15","slug":"voluntaris","status":"publish","type":"page","link":"https:\/\/galatzotrail.com\/ca\/voluntaris\/","title":{"rendered":"Voluntaris"},"content":{"rendered":"<section class=\"wpb-content-wrapper\"><p>[vc_row full_width=&#8221;stretch_row&#8221; css=&#8221;.vc_custom_1718700244254{padding-top: 275px !important;padding-bottom: 150px !important;background-image: url(<a href=\"https:\/\/galatzotrail.com\/wp-content\/uploads\/2024\/06\/gt-voluntarios.png?id=9886\">https:\/\/galatzotrail.com\/wp-content\/uploads\/2024\/06\/gt-voluntarios.png?id=9886<\/a>) !important;background-position: center !important;background-repeat: no-repeat !important;background-size: cover !important;}&#8221;][vc_column css=&#8221;.vc_custom_1556023475207{margin-left: 0px !important;padding-left: 0px !important;}&#8221;][vc_row_inner][vc_column_inner]<header class=\"kd-section-title vc_col-lg-6 vc_col-sm-8 text-left  kd-animated fadeIn  \" data-animation-delay=200><h2 class=\"separator_off\" style=\"color: #ffffff;font-size: 42px;\">VOLUNTARIS GALATZ\u00d3 TRAIL<\/h2><h6 class=\"subtitle \" style=\"color: #ffffff;\">Reserva la teva pla\u00e7a de voluntari\/a en la GALATZ\u00d3 TRAIL. \u00c9s molt f\u00e0cil. ENTRA EN AQUEST FORMULARI i ens els envies.<\/h6><\/header>[vc_empty_space height=&#8221;20px&#8221;][\/vc_column_inner][\/vc_row_inner][vc_row_inner css=&#8221;.vc_custom_1516118473562{margin-bottom: 30px !important;}&#8221;][vc_column_inner width=&#8221;5\/12&#8243;]<a  href=\"#\"  target=\"_self\"  title=\"\" class=\"tt_button tt_primary_button btn_primary_color  pull-left button-action-link\" ><span class=\"prim_text\">INSCRIU-TE AQU\u00cd PR\u00d2XIMAMENT!<\/span><\/a>[\/vc_column_inner][vc_column_inner width=&#8221;7\/12&#8243; css=&#8221;.vc_custom_1511266572685{padding-right: 50px !important;padding-left: 50px !important;}&#8221;][\/vc_column_inner][\/vc_row_inner][\/vc_column][\/vc_row][vc_row full_width=&#8221;stretch_row&#8221;][vc_column width=&#8221;1\/4&#8243;][vc_empty_space height=&#8221;40px&#8221;]<header class=\"kd-section-title col-lg-12 text-left  kd-animated fadeIn  \" data-animation-delay=200><h2 class=\"separator_off\" >Voluntaris Galatz\u00f3 Trail<\/h2><\/header>[vc_empty_space height=&#8221;20px&#8221;][\/vc_column][vc_column width=&#8221;3\/4&#8243;][vc_empty_space height=&#8221;40px&#8221;][vc_column_text]La Galatz\u00f3 trail et necessita. Cercam persones com tu, amb energia, for\u00e7a i ganes de viure amb intensitat una experi\u00e8ncia inoblidable, ser part de l\u2019organitzaci\u00f3 d\u2019un dels esdeveniments m\u00e9s importants de l\u2019any a les Illes Balears.[\/vc_column_text][vc_empty_space height=&#8221;20px&#8221;][\/vc_column][\/vc_row][vc_row full_width=&#8221;stretch_row_content_no_spaces&#8221; css=&#8221;.vc_custom_1539612903211{background-color: #f7f7f7 !important;}&#8221;][vc_column width=&#8221;1\/2&#8243; css=&#8221;.vc_custom_1522316929719{padding-top: 0px !important;}&#8221; offset=&#8221;vc_col-lg-6 vc_col-md-12&#8243;][vc_row_inner css=&#8221;.vc_custom_1687245931350{padding-top: 200px !important;padding-bottom: 236px !important;background-image: url(<a href=\"https:\/\/galatzotrail.com\/wp-content\/uploads\/2023\/06\/avituallamientos-gt.jpeg?id=8346\">https:\/\/galatzotrail.com\/wp-content\/uploads\/2023\/06\/avituallamientos-gt.jpeg?id=8346<\/a>) !important;background-position: center !important;background-repeat: no-repeat !important;background-size: cover !important;}&#8221;][vc_column_inner css=&#8221;.vc_custom_1511789291663{padding-top: 0px !important;padding-bottom: 0px !important;}&#8221;][vc_empty_space height=&#8221;200px&#8221;][\/vc_column_inner][\/vc_row_inner][\/vc_column][vc_column width=&#8221;1\/2&#8243; offset=&#8221;vc_col-lg-6 vc_col-md-12&#8243;][vc_row_inner css=&#8221;.vc_custom_1539613321875{padding-top: 60px !important;}&#8221;][vc_column_inner width=&#8221;1\/6&#8243; offset=&#8221;vc_hidden-xs&#8221;][\/vc_column_inner][vc_column_inner width=&#8221;2\/3&#8243; offset=&#8221;vc_col-lg-offset-0 vc_col-md-offset-1 vc_col-sm-offset-1&#8243;]<header class=\"kd-section-title col-lg-12 text-left  kd-animated fadeIn   vc_custom_1688369790903\" data-animation-delay=200><h2 class=\"separator_off\" >LES TEVES FUNCIONS:<\/h2><h6 class=\"subtitle \" >Perqu\u00e8 els participants puguin completar el seu repte i emportar-se el record d\u2019haver participat en la millor cursa de trail de les Illes Balears, tu ets una pe\u00e7a clau. Amb la teva ajuda afrontarem entre altres a les seg\u00fcents funcions:<\/h6><\/header>[\/vc_column_inner][vc_column_inner width=&#8221;1\/6&#8243;][\/vc_column_inner][\/vc_row_inner][vc_row_inner][vc_column_inner width=&#8221;1\/6&#8243; offset=&#8221;vc_hidden-xs&#8221;][\/vc_column_inner][vc_column_inner width=&#8221;2\/3&#8243; offset=&#8221;vc_col-lg-offset-0 vc_col-md-offset-1 vc_col-sm-offset-1&#8243;]<ul class=\"kd-icon-list\" ><li class=\"kd-icon-list-item\"><span class=\"kd-list-text\" ><\/p>\n<ul>\n<li>Repartir avituallament als participants durant el desenvolupament de la cursa.<\/li>\n<li>Informar participants, familiars, aficionats, residents sobre l\u2019esdeveniment.<\/li>\n<li>Control de zones del circuit.<\/li>\n<li>Indicaci\u00f3 dels recorreguts.<\/li>\n<li>Distribuci\u00f3 de materials necessaris per a la prova.<\/li>\n<li>Ajuda en l\u2019organitzaci\u00f3 d\u2019activitats paral\u00b7leles.<\/li>\n<li>Etc.<\/li>\n<\/ul>\n<p><\/li><\/ul>[\/vc_column_inner][vc_column_inner width=&#8221;1\/6&#8243;][\/vc_column_inner][\/vc_row_inner][\/vc_column][\/vc_row][vc_row full_width=&#8221;stretch_row_content_no_spaces&#8221; css=&#8221;.vc_custom_1539612903211{background-color: #f7f7f7 !important;}&#8221;][vc_column width=&#8221;1\/2&#8243; css=&#8221;.vc_custom_1522316929719{padding-top: 0px !important;}&#8221; offset=&#8221;vc_col-lg-6 vc_col-md-12&#8243;][vc_row_inner css=&#8221;.vc_custom_1539613321875{padding-top: 60px !important;}&#8221;][vc_column_inner width=&#8221;1\/6&#8243; offset=&#8221;vc_hidden-xs&#8221;][\/vc_column_inner][vc_column_inner width=&#8221;2\/3&#8243; offset=&#8221;vc_col-lg-offset-0 vc_col-md-offset-1 vc_col-sm-offset-1&#8243;]<header class=\"kd-section-title col-lg-12 text-left  kd-animated fadeIn   vc_custom_1687946186244\" data-animation-delay=200><h2 class=\"separator_off\" >EL TEU PREMI<\/h2><h6 class=\"subtitle \" >Per formar part d\u2019aquest equip rebr\u00e0s formaci\u00f3 espec\u00edfica i un certificat oficial de voluntari, tamb\u00e9 entrar\u00e0s en el sorteig de diversos regals de la prova i altres sorpreses.<br \/>\nPer\u00f2 sens dubte, el premi m\u00e9s important \u00e9s la possibilitat de compartir aquesta experi\u00e8ncia al costat d\u2019altres voluntaris, treballant per ajudar a que molts atletes puguin complir el seu somni.<\/h6><\/header>[\/vc_column_inner][vc_column_inner width=&#8221;1\/6&#8243;][\/vc_column_inner][\/vc_row_inner][vc_row_inner][vc_column_inner width=&#8221;1\/6&#8243; offset=&#8221;vc_hidden-xs&#8221;][\/vc_column_inner][vc_column_inner width=&#8221;2\/3&#8243; offset=&#8221;vc_col-lg-offset-0 vc_col-md-offset-1 vc_col-sm-offset-1&#8243;]<div class=\"key-icon-box icon-default icon-left cont-left ib-hover-2  kd-animated fadeInUp\" style=\"background-color: transparent;\" ><a href=\"https:\/\/forms.gle\/Uv8fSS6BvuQ1hMBo8\" target=\"\"><div class=\"ib-wrapper\"><i class=\"iconsmind-Checked-User iconsmind-People\" style=\" \"><\/i> <h6 class=\"service-heading\" >Reserva la teva pla\u00e7a de voluntari\/a a la GALATZ\u00d3 TRAIL. FORMULARI D'INSCRIPCI\u00d3<\/h6><\/div><\/a><\/div>[\/vc_column_inner][vc_column_inner width=&#8221;1\/6&#8243;][\/vc_column_inner][\/vc_row_inner][\/vc_column][vc_column width=&#8221;1\/2&#8243; offset=&#8221;vc_col-lg-6 vc_col-md-12&#8243;][vc_row_inner css=&#8221;.vc_custom_1718700257910{padding-top: 200px !important;padding-bottom: 236px !important;background-image: url(<a href=\"https:\/\/galatzotrail.com\/wp-content\/uploads\/2024\/06\/gt-meta_0009_img_5593.png?id=9889\">https:\/\/galatzotrail.com\/wp-content\/uploads\/2024\/06\/gt-meta_0009_img_5593.png?id=9889<\/a>) !important;background-position: center !important;background-repeat: no-repeat !important;background-size: cover !important;}&#8221;][vc_column_inner css=&#8221;.vc_custom_1511789291663{padding-top: 0px !important;padding-bottom: 0px !important;}&#8221;][vc_empty_space height=&#8221;200px&#8221;][\/vc_column_inner][\/vc_row_inner][\/vc_column][\/vc_row][vc_row full_width=&#8221;stretch_row&#8221;][vc_column width=&#8221;1\/6&#8243;][\/vc_column][vc_column width=&#8221;2\/3&#8243;][vc_empty_space height=&#8221;20px&#8221;]<header class=\"kd-section-title vc_col-lg-6 vc_col-sm-8 text-center  kd-animated fadeIn  \" data-animation-delay=200><h2 class=\"separator_off\" style=\"color: #000000;font-size: 42px;\">M\u00e9s informaci\u00f3<\/h2><h6 class=\"subtitle \" style=\"color: #000000;\">Per m\u00e9s informaci\u00f3 i contacte, ens pots escriure un email<\/h6><\/header><a  href=\"mailto:ice@calvia.com\"  target=\"_self\"  title=\"\" class=\"tt_button tt_primary_button btn_primary_color  button-center button-action-link\" ><span class=\"prim_text\">CONTACTE<\/span><\/a>[vc_empty_space height=&#8221;20px&#8221;][\/vc_column][vc_column width=&#8221;1\/6&#8243;][\/vc_column][\/vc_row]<\/p>\n<\/section>","protected":false},"excerpt":{"rendered":"<p>[vc_row full_width=&#8221;stretch_row&#8221; css=&#8221;.vc_custom_1718700244254{padding-top: 275px !important;padding-bottom: 150px !important;background-image: url(<a href=\"https:\/\/galatzotrail.com\/wp-content\/uploads\/2024\/06\/gt-voluntarios.png?id=9886\">https:\/\/galatzotrail.com\/wp-content\/uploads\/2024\/06\/gt-voluntarios.png?id=9886<\/a>) !important;background-position: center !important;background-repeat: no-repeat !important;background-size: cover !important;}&#8221;][vc_column css=&#8221;.vc_custom_1556023475207{margin-left: 0px !important;padding-left: 0px !important;}&#8221;][vc_row_inner][vc_column_inner][vc_empty_space [&hellip;]<\/p>\n","protected":false},"author":235573868,"featured_media":9886,"parent":0,"menu_order":0,"comment_status":"closed","ping_status":"closed","template":"","meta":{"_crdt_document":"","jetpack_post_was_ever_published":false,"footnotes":""},"class_list":["post-8767","page","type-page","status-publish","has-post-thumbnail","hentry"],"yoast_head":"<!-- This site is optimized with the Yoast SEO plugin v27.1.1 - https:\/\/yoast.com\/product\/yoast-seo-wordpress\/ -->\n<title>VOLUNTARIS - Galatz\u00f3 Trail Mallorca<\/title>\n<meta name=\"description\" content=\"La Galatz\u00f3 trail te necesita. Buscamos personas como t\u00fa, con energ\u00eda, fuerza y ganas de vivir con intensidad una experiencia inolvidable, ser parte de la organizaci\u00f3n de uno de los eventos m\u00e1s importantes del a\u00f1o en Baleares.\" \/>\n<meta name=\"robots\" content=\"index, follow, max-snippet:-1, max-image-preview:large, max-video-preview:-1\" \/>\n<link rel=\"canonical\" href=\"https:\/\/galatzotrail.com\/ca\/voluntaris\/\" \/>\n<meta property=\"og:locale\" content=\"ca_ES\" \/>\n<meta property=\"og:type\" content=\"article\" \/>\n<meta property=\"og:title\" content=\"VOLUNTARIS - Galatz\u00f3 Trail Mallorca\" \/>\n<meta property=\"og:description\" content=\"La Galatz\u00f3 trail te necesita. Buscamos personas como t\u00fa, con energ\u00eda, fuerza y ganas de vivir con intensidad una experiencia inolvidable, ser parte de la organizaci\u00f3n de uno de los eventos m\u00e1s importantes del a\u00f1o en Baleares.\" \/>\n<meta property=\"og:url\" content=\"https:\/\/galatzotrail.com\/ca\/voluntaris\/\" \/>\n<meta property=\"og:site_name\" content=\"Galatz\u00f3 Trail\" \/>\n<meta property=\"article:publisher\" content=\"https:\/\/www.facebook.com\/galatzotrail\/\" \/>\n<meta property=\"article:modified_time\" content=\"2024-11-27T12:44:15+00:00\" \/>\n<meta property=\"og:image\" content=\"https:\/\/galatzotrail.com\/wp-content\/uploads\/2024\/06\/gt-voluntarios.png\" \/>\n\t<meta property=\"og:image:width\" content=\"1417\" \/>\n\t<meta property=\"og:image:height\" content=\"945\" \/>\n\t<meta property=\"og:image:type\" content=\"image\/png\" \/>\n<meta name=\"twitter:card\" content=\"summary_large_image\" \/>\n<meta name=\"twitter:label1\" content=\"Temps estimat de lectura\" \/>\n\t<meta name=\"twitter:data1\" content=\"3 minuts\" \/>\n<script type=\"application\/ld+json\" class=\"yoast-schema-graph\">{\"@context\":\"https:\/\/schema.org\",\"@graph\":[{\"@type\":\"WebPage\",\"@id\":\"https:\/\/galatzotrail.com\/ca\/voluntaris\/\",\"url\":\"https:\/\/galatzotrail.com\/ca\/voluntaris\/\",\"name\":\"VOLUNTARIS - Galatz\u00f3 Trail Mallorca\",\"isPartOf\":{\"@id\":\"https:\/\/galatzotrail.com\/ca\/#website\"},\"primaryImageOfPage\":{\"@id\":\"https:\/\/galatzotrail.com\/ca\/voluntaris\/#primaryimage\"},\"image\":{\"@id\":\"https:\/\/galatzotrail.com\/ca\/voluntaris\/#primaryimage\"},\"thumbnailUrl\":\"https:\/\/i0.wp.com\/galatzotrail.com\/wp-content\/uploads\/2024\/06\/gt-voluntarios.png?fit=1417%2C945&ssl=1\",\"datePublished\":\"2023-06-19T10:28:05+00:00\",\"dateModified\":\"2024-11-27T12:44:15+00:00\",\"description\":\"La Galatz\u00f3 trail te necesita. Buscamos personas como t\u00fa, con energ\u00eda, fuerza y ganas de vivir con intensidad una experiencia inolvidable, ser parte de la organizaci\u00f3n de uno de los eventos m\u00e1s importantes del a\u00f1o en Baleares.\",\"breadcrumb\":{\"@id\":\"https:\/\/galatzotrail.com\/ca\/voluntaris\/#breadcrumb\"},\"inLanguage\":\"ca\",\"potentialAction\":[{\"@type\":\"ReadAction\",\"target\":[\"https:\/\/galatzotrail.com\/ca\/voluntaris\/\"]}]},{\"@type\":\"ImageObject\",\"inLanguage\":\"ca\",\"@id\":\"https:\/\/galatzotrail.com\/ca\/voluntaris\/#primaryimage\",\"url\":\"https:\/\/i0.wp.com\/galatzotrail.com\/wp-content\/uploads\/2024\/06\/gt-voluntarios.png?fit=1417%2C945&ssl=1\",\"contentUrl\":\"https:\/\/i0.wp.com\/galatzotrail.com\/wp-content\/uploads\/2024\/06\/gt-voluntarios.png?fit=1417%2C945&ssl=1\",\"width\":1417,\"height\":945,\"caption\":\"gt-voluntarios Galer\u00eda Galatzo\u0301 Trail - Carrera de Montan\u0303a en Mallorca\"},{\"@type\":\"BreadcrumbList\",\"@id\":\"https:\/\/galatzotrail.com\/ca\/voluntaris\/#breadcrumb\",\"itemListElement\":[{\"@type\":\"ListItem\",\"position\":1,\"name\":\"Portada\",\"item\":\"https:\/\/galatzotrail.com\/ca\/\"},{\"@type\":\"ListItem\",\"position\":2,\"name\":\"Voluntaris\"}]},{\"@type\":\"WebSite\",\"@id\":\"https:\/\/galatzotrail.com\/ca\/#website\",\"url\":\"https:\/\/galatzotrail.com\/ca\/\",\"name\":\"Galatz\u00f3 Trail\",\"description\":\"Mallorca Trail Mountain Marathon. 43 o 23 km de puro trail running en una de las monta\u00f1as m\u00e1s m\u00edticas de Mallorca: el puig de Galatz\u00f3, en Calvi\u00e0.\",\"publisher\":{\"@id\":\"https:\/\/galatzotrail.com\/ca\/#organization\"},\"potentialAction\":[{\"@type\":\"SearchAction\",\"target\":{\"@type\":\"EntryPoint\",\"urlTemplate\":\"https:\/\/galatzotrail.com\/ca\/?s={search_term_string}\"},\"query-input\":{\"@type\":\"PropertyValueSpecification\",\"valueRequired\":true,\"valueName\":\"search_term_string\"}}],\"inLanguage\":\"ca\"},{\"@type\":\"Organization\",\"@id\":\"https:\/\/galatzotrail.com\/ca\/#organization\",\"name\":\"Galatz\u00f3 Trail\",\"alternateName\":\"Fundaci\u00f3n Calvi\u00e0 2004\",\"url\":\"https:\/\/galatzotrail.com\/ca\/\",\"logo\":{\"@type\":\"ImageObject\",\"inLanguage\":\"ca\",\"@id\":\"https:\/\/galatzotrail.com\/ca\/#\/schema\/logo\/image\/\",\"url\":\"https:\/\/i0.wp.com\/galatzotrail.com\/wp-content\/uploads\/2023\/05\/logo-galatzo-trail-fondo-blanco.png?fit=4525%2C3073&ssl=1\",\"contentUrl\":\"https:\/\/i0.wp.com\/galatzotrail.com\/wp-content\/uploads\/2023\/05\/logo-galatzo-trail-fondo-blanco.png?fit=4525%2C3073&ssl=1\",\"width\":4525,\"height\":3073,\"caption\":\"Galatz\u00f3 Trail\"},\"image\":{\"@id\":\"https:\/\/galatzotrail.com\/ca\/#\/schema\/logo\/image\/\"},\"sameAs\":[\"https:\/\/www.facebook.com\/galatzotrail\/\",\"https:\/\/www.instagram.com\/galatzotrail\/?hl=es\"]}]}<\/script>\n<!-- \/ Yoast SEO plugin. -->","yoast_head_json":{"title":"VOLUNTARIS - Galatz\u00f3 Trail Mallorca","description":"La Galatz\u00f3 trail te necesita. Buscamos personas como t\u00fa, con energ\u00eda, fuerza y ganas de vivir con intensidad una experiencia inolvidable, ser parte de la organizaci\u00f3n de uno de los eventos m\u00e1s importantes del a\u00f1o en Baleares.","robots":{"index":"index","follow":"follow","max-snippet":"max-snippet:-1","max-image-preview":"max-image-preview:large","max-video-preview":"max-video-preview:-1"},"canonical":"https:\/\/galatzotrail.com\/ca\/voluntaris\/","og_locale":"ca_ES","og_type":"article","og_title":"VOLUNTARIS - Galatz\u00f3 Trail Mallorca","og_description":"La Galatz\u00f3 trail te necesita. Buscamos personas como t\u00fa, con energ\u00eda, fuerza y ganas de vivir con intensidad una experiencia inolvidable, ser parte de la organizaci\u00f3n de uno de los eventos m\u00e1s importantes del a\u00f1o en Baleares.","og_url":"https:\/\/galatzotrail.com\/ca\/voluntaris\/","og_site_name":"Galatz\u00f3 Trail","article_publisher":"https:\/\/www.facebook.com\/galatzotrail\/","article_modified_time":"2024-11-27T12:44:15+00:00","og_image":[{"width":1417,"height":945,"url":"https:\/\/galatzotrail.com\/wp-content\/uploads\/2024\/06\/gt-voluntarios.png","type":"image\/png"}],"twitter_card":"summary_large_image","twitter_misc":{"Temps estimat de lectura":"3 minuts"},"schema":{"@context":"https:\/\/schema.org","@graph":[{"@type":"WebPage","@id":"https:\/\/galatzotrail.com\/ca\/voluntaris\/","url":"https:\/\/galatzotrail.com\/ca\/voluntaris\/","name":"VOLUNTARIS - Galatz\u00f3 Trail Mallorca","isPartOf":{"@id":"https:\/\/galatzotrail.com\/ca\/#website"},"primaryImageOfPage":{"@id":"https:\/\/galatzotrail.com\/ca\/voluntaris\/#primaryimage"},"image":{"@id":"https:\/\/galatzotrail.com\/ca\/voluntaris\/#primaryimage"},"thumbnailUrl":"https:\/\/i0.wp.com\/galatzotrail.com\/wp-content\/uploads\/2024\/06\/gt-voluntarios.png?fit=1417%2C945&ssl=1","datePublished":"2023-06-19T10:28:05+00:00","dateModified":"2024-11-27T12:44:15+00:00","description":"La Galatz\u00f3 trail te necesita. Buscamos personas como t\u00fa, con energ\u00eda, fuerza y ganas de vivir con intensidad una experiencia inolvidable, ser parte de la organizaci\u00f3n de uno de los eventos m\u00e1s importantes del a\u00f1o en Baleares.","breadcrumb":{"@id":"https:\/\/galatzotrail.com\/ca\/voluntaris\/#breadcrumb"},"inLanguage":"ca","potentialAction":[{"@type":"ReadAction","target":["https:\/\/galatzotrail.com\/ca\/voluntaris\/"]}]},{"@type":"ImageObject","inLanguage":"ca","@id":"https:\/\/galatzotrail.com\/ca\/voluntaris\/#primaryimage","url":"https:\/\/i0.wp.com\/galatzotrail.com\/wp-content\/uploads\/2024\/06\/gt-voluntarios.png?fit=1417%2C945&ssl=1","contentUrl":"https:\/\/i0.wp.com\/galatzotrail.com\/wp-content\/uploads\/2024\/06\/gt-voluntarios.png?fit=1417%2C945&ssl=1","width":1417,"height":945,"caption":"gt-voluntarios Galer\u00eda Galatzo\u0301 Trail - Carrera de Montan\u0303a en Mallorca"},{"@type":"BreadcrumbList","@id":"https:\/\/galatzotrail.com\/ca\/voluntaris\/#breadcrumb","itemListElement":[{"@type":"ListItem","position":1,"name":"Portada","item":"https:\/\/galatzotrail.com\/ca\/"},{"@type":"ListItem","position":2,"name":"Voluntaris"}]},{"@type":"WebSite","@id":"https:\/\/galatzotrail.com\/ca\/#website","url":"https:\/\/galatzotrail.com\/ca\/","name":"Galatz\u00f3 Trail","description":"Mallorca Trail Mountain Marathon. 43 o 23 km de puro trail running en una de las monta\u00f1as m\u00e1s m\u00edticas de Mallorca: el puig de Galatz\u00f3, en Calvi\u00e0.","publisher":{"@id":"https:\/\/galatzotrail.com\/ca\/#organization"},"potentialAction":[{"@type":"SearchAction","target":{"@type":"EntryPoint","urlTemplate":"https:\/\/galatzotrail.com\/ca\/?s={search_term_string}"},"query-input":{"@type":"PropertyValueSpecification","valueRequired":true,"valueName":"search_term_string"}}],"inLanguage":"ca"},{"@type":"Organization","@id":"https:\/\/galatzotrail.com\/ca\/#organization","name":"Galatz\u00f3 Trail","alternateName":"Fundaci\u00f3n Calvi\u00e0 2004","url":"https:\/\/galatzotrail.com\/ca\/","logo":{"@type":"ImageObject","inLanguage":"ca","@id":"https:\/\/galatzotrail.com\/ca\/#\/schema\/logo\/image\/","url":"https:\/\/i0.wp.com\/galatzotrail.com\/wp-content\/uploads\/2023\/05\/logo-galatzo-trail-fondo-blanco.png?fit=4525%2C3073&ssl=1","contentUrl":"https:\/\/i0.wp.com\/galatzotrail.com\/wp-content\/uploads\/2023\/05\/logo-galatzo-trail-fondo-blanco.png?fit=4525%2C3073&ssl=1","width":4525,"height":3073,"caption":"Galatz\u00f3 Trail"},"image":{"@id":"https:\/\/galatzotrail.com\/ca\/#\/schema\/logo\/image\/"},"sameAs":["https:\/\/www.facebook.com\/galatzotrail\/","https:\/\/www.instagram.com\/galatzotrail\/?hl=es"]}]}},"jetpack_likes_enabled":true,"jetpack_sharing_enabled":true,"jetpack_shortlink":"https:\/\/wp.me\/PeQ9AI-2hp","jetpack-related-posts":[],"_links":{"self":[{"href":"https:\/\/galatzotrail.com\/ca\/wp-json\/wp\/v2\/pages\/8767","targetHints":{"allow":["GET"]}}],"collection":[{"href":"https:\/\/galatzotrail.com\/ca\/wp-json\/wp\/v2\/pages"}],"about":[{"href":"https:\/\/galatzotrail.com\/ca\/wp-json\/wp\/v2\/types\/page"}],"author":[{"embeddable":true,"href":"https:\/\/galatzotrail.com\/ca\/wp-json\/wp\/v2\/users\/235573868"}],"replies":[{"embeddable":true,"href":"https:\/\/galatzotrail.com\/ca\/wp-json\/wp\/v2\/comments?post=8767"}],"version-history":[{"count":10,"href":"https:\/\/galatzotrail.com\/ca\/wp-json\/wp\/v2\/pages\/8767\/revisions"}],"predecessor-version":[{"id":9053,"href":"https:\/\/galatzotrail.com\/ca\/wp-json\/wp\/v2\/pages\/8767\/revisions\/9053"}],"wp:featuredmedia":[{"embeddable":true,"href":"https:\/\/galatzotrail.com\/ca\/wp-json\/wp\/v2\/media\/9886"}],"wp:attachment":[{"href":"https:\/\/galatzotrail.com\/ca\/wp-json\/wp\/v2\/media?parent=8767"}],"curies":[{"name":"wp","href":"https:\/\/api.w.org\/{rel}","templated":true}]}}