{"id":8764,"date":"2023-06-09T13:03:02","date_gmt":"2023-06-09T11:03:02","guid":{"rendered":"https:\/\/galatzotrail.com\/residents\/"},"modified":"2026-02-18T09:56:29","modified_gmt":"2026-02-18T08:56:29","slug":"residents","status":"publish","type":"page","link":"https:\/\/galatzotrail.com\/ca\/residents\/","title":{"rendered":"Residents"},"content":{"rendered":"<section class=\"wpb-content-wrapper\"><p>[vc_row full_width=&#8221;stretch_row&#8221; css=&#8221;.vc_custom_1718701431959{padding-top: 150px !important;padding-bottom: 100px !important;background-image: url(<a href=\"https:\/\/galatzotrail.com\/wp-content\/uploads\/2024\/06\/galatzotrail2024_0017_gatz080-min.png?id=9909\">https:\/\/galatzotrail.com\/wp-content\/uploads\/2024\/06\/galatzotrail2024_0017_gatz080-min.png?id=9909<\/a>) !important;}&#8221;][vc_column css=&#8221;.vc_custom_1513003956648{padding-top: 0px !important;}&#8221;][vc_row_inner][vc_column_inner width=&#8221;1\/6&#8243; css=&#8221;.vc_custom_1513004658055{padding-top: 50px !important;padding-left: 0px !important;}&#8221;][\/vc_column_inner][vc_column_inner width=&#8221;2\/3&#8243; css=&#8221;.vc_custom_1513008591637{padding-right: 0px !important;padding-left: 0px !important;}&#8221;][vc_empty_space height=&#8221;100px&#8221;][\/vc_column_inner][vc_column_inner width=&#8221;1\/6&#8243;][\/vc_column_inner][\/vc_row_inner][\/vc_column][\/vc_row][vc_row full_width=&#8221;stretch_row&#8221;][vc_column width=&#8221;1\/6&#8243;][\/vc_column][vc_column width=&#8221;2\/3&#8243;][vc_empty_space height=&#8221;25px&#8221;]<header class=\"kd-section-title col-lg-12 text-left  kd-animated fadeIn  \" data-animation-delay=200><h2 class=\"separator_off\" >TR\u00c0FIC I APARCAMENT<\/h2><h6 class=\"subtitle \" >El proper 08 de mar\u00e7 de 2026 se celebrar\u00e0 a es Capdell\u00e0 la prova de muntanya Galatz\u00f3 Trail.<\/p>\n<p>La celebraci\u00f3 d\u2019aquest esdeveniment esportiu suposa algunes restriccions de tr\u00e0nsit i aparcament a la zona d\u2019Es Capdell\u00e0, ja que la sortida i la meta de la prova seran a la Pla\u00e7a de sa Vinya (C. Esgl\u00e9sia).<\/h6><\/header>[vc_empty_space height=&#8221;25px&#8221;][\/vc_column][vc_column width=&#8221;1\/6&#8243;][\/vc_column][\/vc_row][vc_row full_width=&#8221;stretch_row&#8221;][vc_column width=&#8221;1\/6&#8243;][\/vc_column][vc_column width=&#8221;1\/6&#8243;]<header class=\"kd-section-title col-lg-12 text-left  kd-animated fadeIn   vc_custom_1687941229548\" data-animation-delay=200><h2 class=\"separator_off\" >HORARIS DE CARRERA<\/h2><\/header>[\/vc_column][vc_column width=&#8221;1\/2&#8243;]<header class=\"kd-section-title col-lg-12 text-left  kd-animated fadeIn   vc_custom_1687941279325\" data-animation-delay=200><h6 class=\"subtitle \" >Pla\u00e7a de Sa Vinya (Es Capdell\u00e0)<\/p>\n<p>7.30 h CONCENTRACI\u00d3 DE PARTICIPANTS<br \/>\n08.30 h SORTIDA 43 K (LEGEND)<br \/>\n10.00 h SORTIDA 23 K (HALF)<br \/>\n10.30 h SORTIDA 12 K (EXPLORER) (aprox.)<br \/>\n11.20 h ARRIBADA A META 1R CLASSIFICAT GALATZ\u00d3 EXPLORER<br \/>\n12 h ARRIBADA A META 1R CLASSIFICAT GALATZ\u00d3 HALF (aprox.)<br \/>\n12 h LLIURAMENT DE PREMIS GALATZ\u00d3 EXPLORER<br \/>\n12.30 h ARRIBADA A META 1R CLASSIFICAT GALATZ\u00d3 LEGEND (aprox.)<br \/>\n14 h LLIURAMENT DE PREMIS GALATZ\u00d3 HALF<br \/>\n14 h LLIURAMENT DE PREMIS GALATZ\u00d3 LEGEND<br \/>\n18.00 h TANCAMENT DE CARRERA<br \/>\n- Animaci\u00f3: de 8:30 a 18:00<\/h6><\/header>[\/vc_column][vc_column width=&#8221;1\/6&#8243;][\/vc_column][\/vc_row][vc_row full_width=&#8221;stretch_row&#8221;][vc_column width=&#8221;1\/6&#8243;][\/vc_column][vc_column width=&#8221;2\/3&#8243;]<header class=\"kd-section-title col-lg-12 text-left  kd-animated fadeIn   vc_custom_1687941593050\" data-animation-delay=200><h2 class=\"separator_off\" >INFORMACI\u00d3 DEL TR\u00c0FIC<\/h2><\/header>[\/vc_column][vc_column width=&#8221;1\/6&#8243;][\/vc_column][\/vc_row][vc_row full_width=&#8221;stretch_row_content_no_spaces&#8221; css=&#8221;.vc_custom_1539771037767{background-color: #f5f5f5 !important;}&#8221;][vc_column width=&#8221;1\/2&#8243; offset=&#8221;vc_col-lg-6 vc_col-md-12&#8243; css=&#8221;.vc_custom_1522317922459{padding-bottom: 50px !important;}&#8221;][vc_empty_space height=&#8221;25px&#8221;][vc_row_inner css=&#8221;.vc_custom_1686314438856{padding-bottom: 10px !important;}&#8221;][vc_column_inner width=&#8221;1\/4&#8243; offset=&#8221;vc_hidden-md vc_hidden-sm vc_hidden-xs&#8221;][\/vc_column_inner][vc_column_inner width=&#8221;11\/12&#8243; offset=&#8221;vc_col-lg-offset-0 vc_col-lg-6 vc_col-md-offset-1 vc_col-sm-offset-0&#8243;]<div class=\"key-icon-box icon-default  cont-left ib-no-effect  kd-animated fadeIn\" style=\"background-color: transparent;\" data-animation-delay=200><h6 class=\"service-heading\" >CARRERS TALLATS<\/h6><p >(DE 7.30 A 18.00 H)<br \/>\nC\/ Esgl\u00e9sia \u2013 Ma-1032 (entre C\/ Major i C\/ Ametllers), C\/ Ametllers (C\/ Galatz\u00f3 i C\/ Esgl\u00e9sia), C\/ Galatz\u00f3 (C\/ Ametllers \u2013 Finca Galatz\u00f3)<\/p><\/div>[\/vc_column_inner][\/vc_row_inner][vc_row_inner css=&#8221;.vc_custom_1686314438856{padding-bottom: 10px !important;}&#8221;][vc_column_inner width=&#8221;1\/4&#8243; offset=&#8221;vc_hidden-md vc_hidden-sm vc_hidden-xs&#8221;][\/vc_column_inner][vc_column_inner width=&#8221;11\/12&#8243; offset=&#8221;vc_col-lg-offset-0 vc_col-lg-6 vc_col-md-offset-1 vc_col-sm-offset-0&#8243;]<div class=\"key-icon-box icon-default  cont-left ib-no-effect  kd-animated fadeIn\" style=\"background-color: transparent;\" data-animation-delay=200><h6 class=\"service-heading\" >DESVIAMENT DE TR\u00c0NSIT<\/h6><p >Des de les 7.30h fins a les 18.00 h, el tram de la carretera MA1032 entre el C\/ Major i el C\/ Ametllers romandr\u00e0 tancat en els dos sentits de circulaci\u00f3. El tr\u00e0nsit ser\u00e0 desviat per C\/ Ametllers (entre C\/ Esgl\u00e9sia i C\/ Monges) i C\/ Monges.<\/p><\/div>[\/vc_column_inner][\/vc_row_inner][vc_row_inner css=&#8221;.vc_custom_1686314438856{padding-bottom: 10px !important;}&#8221;][vc_column_inner width=&#8221;1\/4&#8243; offset=&#8221;vc_hidden-md vc_hidden-sm vc_hidden-xs&#8221;][\/vc_column_inner][vc_column_inner width=&#8221;11\/12&#8243; offset=&#8221;vc_col-lg-offset-0 vc_col-lg-6 vc_col-md-offset-1 vc_col-sm-offset-0&#8243;]<div class=\"key-icon-box icon-default  cont-left ib-no-effect  kd-animated fadeIn\" style=\"background-color: transparent;\" data-animation-delay=200><h6 class=\"service-heading\" >RESTRICCIONS D\u2019APARCAMENT<\/h6><p >C\/ Ametllers (C\/ Galatz\u00f3 i C\/ Esgl\u00e9sia), C\/ Galatz\u00f3 (C\/ Ametllers \u2013 Finca Galatz\u00f3), C\/ Esgl\u00e9sia (entre C\/ Major i C\/ Ametllers), C\/ Monges (entre C\/ Major i C\/ Ametllers), C\/ Ametllers (C\/ Monges i C\/ Esgl\u00e9sia).<\/p><\/div>[\/vc_column_inner][\/vc_row_inner][\/vc_column][vc_column width=&#8221;1\/2&#8243; css=&#8221;.vc_custom_1522317894944{padding-top: 0px !important;}&#8221; offset=&#8221;vc_col-lg-6 vc_col-md-12&#8243;][vc_single_image image=&#8221;10413&#8243; img_size=&#8221;full&#8221;][\/vc_column][\/vc_row]<\/p>\n<\/section>","protected":false},"excerpt":{"rendered":"<p>[vc_row full_width=&#8221;stretch_row&#8221; css=&#8221;.vc_custom_1718701431959{padding-top: 150px !important;padding-bottom: 100px !important;background-image: url(<a href=\"https:\/\/galatzotrail.com\/wp-content\/uploads\/2024\/06\/galatzotrail2024_0017_gatz080-min.png?id=9909\">https:\/\/galatzotrail.com\/wp-content\/uploads\/2024\/06\/galatzotrail2024_0017_gatz080-min.png?id=9909<\/a>) !important;}&#8221;][vc_column css=&#8221;.vc_custom_1513003956648{padding-top: 0px !important;}&#8221;][vc_row_inner][vc_column_inner width=&#8221;1\/6&#8243; css=&#8221;.vc_custom_1513004658055{padding-top: 50px !important;padding-left: 0px !important;}&#8221;][\/vc_column_inner][vc_column_inner width=&#8221;2\/3&#8243; css=&#8221;.vc_custom_1513008591637{padding-right: [&hellip;]<\/p>\n","protected":false},"author":235573868,"featured_media":0,"parent":0,"menu_order":0,"comment_status":"closed","ping_status":"closed","template":"","meta":{"_crdt_document":"","footnotes":""},"class_list":["post-8764","page","type-page","status-publish","hentry"],"yoast_head":"<!-- This site is optimized with the Yoast SEO plugin v27.5 - https:\/\/yoast.com\/product\/yoast-seo-wordpress\/ -->\n<title>Residents | Galatz\u00f3 Trail<\/title>\n<meta name=\"robots\" content=\"index, follow, max-snippet:-1, max-image-preview:large, max-video-preview:-1\" \/>\n<link rel=\"canonical\" href=\"https:\/\/galatzotrail.com\/ca\/residents\/\" \/>\n<meta property=\"og:locale\" content=\"ca_ES\" \/>\n<meta property=\"og:type\" content=\"article\" \/>\n<meta property=\"og:title\" content=\"Residents | Galatz\u00f3 Trail\" \/>\n<meta property=\"og:description\" content=\"[vc_row full_width=&#8221;stretch_row&#8221; css=&#8221;.vc_custom_1718701431959{padding-top: 150px !important;padding-bottom: 100px !important;background-image: url(https:\/\/galatzotrail.com\/wp-content\/uploads\/2024\/06\/galatzotrail2024_0017_gatz080-min.png?id=9909) !important;}&#8221;][vc_column css=&#8221;.vc_custom_1513003956648{padding-top: 0px !important;}&#8221;][vc_row_inner][vc_column_inner width=&#8221;1\/6&#8243; css=&#8221;.vc_custom_1513004658055{padding-top: 50px !important;padding-left: 0px !important;}&#8221;][\/vc_column_inner][vc_column_inner width=&#8221;2\/3&#8243; css=&#8221;.vc_custom_1513008591637{padding-right: [&hellip;]\" \/>\n<meta property=\"og:url\" content=\"https:\/\/galatzotrail.com\/ca\/residents\/\" \/>\n<meta property=\"og:site_name\" content=\"Galatz\u00f3 Trail\" \/>\n<meta property=\"article:publisher\" content=\"https:\/\/www.facebook.com\/galatzotrail\/\" \/>\n<meta property=\"article:modified_time\" content=\"2026-02-18T08:56:29+00:00\" \/>\n<meta name=\"twitter:card\" content=\"summary_large_image\" \/>\n<meta name=\"twitter:label1\" content=\"Temps estimat de lectura\" \/>\n\t<meta name=\"twitter:data1\" content=\"3 minuts\" \/>\n<script type=\"application\/ld+json\" class=\"yoast-schema-graph\">{\"@context\":\"https:\\\/\\\/schema.org\",\"@graph\":[{\"@type\":\"WebPage\",\"@id\":\"https:\\\/\\\/galatzotrail.com\\\/ca\\\/residents\\\/\",\"url\":\"https:\\\/\\\/galatzotrail.com\\\/ca\\\/residents\\\/\",\"name\":\"Residents | Galatz\u00f3 Trail\",\"isPartOf\":{\"@id\":\"https:\\\/\\\/galatzotrail.com\\\/ca\\\/#website\"},\"datePublished\":\"2023-06-09T11:03:02+00:00\",\"dateModified\":\"2026-02-18T08:56:29+00:00\",\"breadcrumb\":{\"@id\":\"https:\\\/\\\/galatzotrail.com\\\/ca\\\/residents\\\/#breadcrumb\"},\"inLanguage\":\"ca\",\"potentialAction\":[{\"@type\":\"ReadAction\",\"target\":[\"https:\\\/\\\/galatzotrail.com\\\/ca\\\/residents\\\/\"]}]},{\"@type\":\"BreadcrumbList\",\"@id\":\"https:\\\/\\\/galatzotrail.com\\\/ca\\\/residents\\\/#breadcrumb\",\"itemListElement\":[{\"@type\":\"ListItem\",\"position\":1,\"name\":\"Portada\",\"item\":\"https:\\\/\\\/galatzotrail.com\\\/ca\\\/\"},{\"@type\":\"ListItem\",\"position\":2,\"name\":\"Residents\"}]},{\"@type\":\"WebSite\",\"@id\":\"https:\\\/\\\/galatzotrail.com\\\/ca\\\/#website\",\"url\":\"https:\\\/\\\/galatzotrail.com\\\/ca\\\/\",\"name\":\"Galatz\u00f3 Trail\",\"description\":\"Mallorca Trail Mountain Marathon. 43 o 23 km de puro trail running en una de las monta\u00f1as m\u00e1s m\u00edticas de Mallorca: el puig de Galatz\u00f3, en Calvi\u00e0.\",\"publisher\":{\"@id\":\"https:\\\/\\\/galatzotrail.com\\\/ca\\\/#organization\"},\"potentialAction\":[{\"@type\":\"SearchAction\",\"target\":{\"@type\":\"EntryPoint\",\"urlTemplate\":\"https:\\\/\\\/galatzotrail.com\\\/ca\\\/?s={search_term_string}\"},\"query-input\":{\"@type\":\"PropertyValueSpecification\",\"valueRequired\":true,\"valueName\":\"search_term_string\"}}],\"inLanguage\":\"ca\"},{\"@type\":\"Organization\",\"@id\":\"https:\\\/\\\/galatzotrail.com\\\/ca\\\/#organization\",\"name\":\"Galatz\u00f3 Trail\",\"alternateName\":\"Fundaci\u00f3n Calvi\u00e0 2004\",\"url\":\"https:\\\/\\\/galatzotrail.com\\\/ca\\\/\",\"logo\":{\"@type\":\"ImageObject\",\"inLanguage\":\"ca\",\"@id\":\"https:\\\/\\\/galatzotrail.com\\\/ca\\\/#\\\/schema\\\/logo\\\/image\\\/\",\"url\":\"https:\\\/\\\/i0.wp.com\\\/galatzotrail.com\\\/wp-content\\\/uploads\\\/2023\\\/05\\\/logo-galatzo-trail-fondo-blanco.png?fit=4525%2C3073&ssl=1\",\"contentUrl\":\"https:\\\/\\\/i0.wp.com\\\/galatzotrail.com\\\/wp-content\\\/uploads\\\/2023\\\/05\\\/logo-galatzo-trail-fondo-blanco.png?fit=4525%2C3073&ssl=1\",\"width\":4525,\"height\":3073,\"caption\":\"Galatz\u00f3 Trail\"},\"image\":{\"@id\":\"https:\\\/\\\/galatzotrail.com\\\/ca\\\/#\\\/schema\\\/logo\\\/image\\\/\"},\"sameAs\":[\"https:\\\/\\\/www.facebook.com\\\/galatzotrail\\\/\",\"https:\\\/\\\/www.instagram.com\\\/galatzotrail\\\/?hl=es\"]}]}<\/script>\n<!-- \/ Yoast SEO plugin. -->","yoast_head_json":{"title":"Residents | Galatz\u00f3 Trail","robots":{"index":"index","follow":"follow","max-snippet":"max-snippet:-1","max-image-preview":"max-image-preview:large","max-video-preview":"max-video-preview:-1"},"canonical":"https:\/\/galatzotrail.com\/ca\/residents\/","og_locale":"ca_ES","og_type":"article","og_title":"Residents | Galatz\u00f3 Trail","og_description":"[vc_row full_width=&#8221;stretch_row&#8221; css=&#8221;.vc_custom_1718701431959{padding-top: 150px !important;padding-bottom: 100px !important;background-image: url(https:\/\/galatzotrail.com\/wp-content\/uploads\/2024\/06\/galatzotrail2024_0017_gatz080-min.png?id=9909) !important;}&#8221;][vc_column css=&#8221;.vc_custom_1513003956648{padding-top: 0px !important;}&#8221;][vc_row_inner][vc_column_inner width=&#8221;1\/6&#8243; css=&#8221;.vc_custom_1513004658055{padding-top: 50px !important;padding-left: 0px !important;}&#8221;][\/vc_column_inner][vc_column_inner width=&#8221;2\/3&#8243; css=&#8221;.vc_custom_1513008591637{padding-right: [&hellip;]","og_url":"https:\/\/galatzotrail.com\/ca\/residents\/","og_site_name":"Galatz\u00f3 Trail","article_publisher":"https:\/\/www.facebook.com\/galatzotrail\/","article_modified_time":"2026-02-18T08:56:29+00:00","twitter_card":"summary_large_image","twitter_misc":{"Temps estimat de lectura":"3 minuts"},"schema":{"@context":"https:\/\/schema.org","@graph":[{"@type":"WebPage","@id":"https:\/\/galatzotrail.com\/ca\/residents\/","url":"https:\/\/galatzotrail.com\/ca\/residents\/","name":"Residents | Galatz\u00f3 Trail","isPartOf":{"@id":"https:\/\/galatzotrail.com\/ca\/#website"},"datePublished":"2023-06-09T11:03:02+00:00","dateModified":"2026-02-18T08:56:29+00:00","breadcrumb":{"@id":"https:\/\/galatzotrail.com\/ca\/residents\/#breadcrumb"},"inLanguage":"ca","potentialAction":[{"@type":"ReadAction","target":["https:\/\/galatzotrail.com\/ca\/residents\/"]}]},{"@type":"BreadcrumbList","@id":"https:\/\/galatzotrail.com\/ca\/residents\/#breadcrumb","itemListElement":[{"@type":"ListItem","position":1,"name":"Portada","item":"https:\/\/galatzotrail.com\/ca\/"},{"@type":"ListItem","position":2,"name":"Residents"}]},{"@type":"WebSite","@id":"https:\/\/galatzotrail.com\/ca\/#website","url":"https:\/\/galatzotrail.com\/ca\/","name":"Galatz\u00f3 Trail","description":"Mallorca Trail Mountain Marathon. 43 o 23 km de puro trail running en una de las monta\u00f1as m\u00e1s m\u00edticas de Mallorca: el puig de Galatz\u00f3, en Calvi\u00e0.","publisher":{"@id":"https:\/\/galatzotrail.com\/ca\/#organization"},"potentialAction":[{"@type":"SearchAction","target":{"@type":"EntryPoint","urlTemplate":"https:\/\/galatzotrail.com\/ca\/?s={search_term_string}"},"query-input":{"@type":"PropertyValueSpecification","valueRequired":true,"valueName":"search_term_string"}}],"inLanguage":"ca"},{"@type":"Organization","@id":"https:\/\/galatzotrail.com\/ca\/#organization","name":"Galatz\u00f3 Trail","alternateName":"Fundaci\u00f3n Calvi\u00e0 2004","url":"https:\/\/galatzotrail.com\/ca\/","logo":{"@type":"ImageObject","inLanguage":"ca","@id":"https:\/\/galatzotrail.com\/ca\/#\/schema\/logo\/image\/","url":"https:\/\/i0.wp.com\/galatzotrail.com\/wp-content\/uploads\/2023\/05\/logo-galatzo-trail-fondo-blanco.png?fit=4525%2C3073&ssl=1","contentUrl":"https:\/\/i0.wp.com\/galatzotrail.com\/wp-content\/uploads\/2023\/05\/logo-galatzo-trail-fondo-blanco.png?fit=4525%2C3073&ssl=1","width":4525,"height":3073,"caption":"Galatz\u00f3 Trail"},"image":{"@id":"https:\/\/galatzotrail.com\/ca\/#\/schema\/logo\/image\/"},"sameAs":["https:\/\/www.facebook.com\/galatzotrail\/","https:\/\/www.instagram.com\/galatzotrail\/?hl=es"]}]}},"jetpack_likes_enabled":true,"jetpack_sharing_enabled":true,"jetpack_shortlink":"https:\/\/wp.me\/PeQ9AI-2hm","jetpack-related-posts":[],"_links":{"self":[{"href":"https:\/\/galatzotrail.com\/ca\/wp-json\/wp\/v2\/pages\/8764","targetHints":{"allow":["GET"]}}],"collection":[{"href":"https:\/\/galatzotrail.com\/ca\/wp-json\/wp\/v2\/pages"}],"about":[{"href":"https:\/\/galatzotrail.com\/ca\/wp-json\/wp\/v2\/types\/page"}],"author":[{"embeddable":true,"href":"https:\/\/galatzotrail.com\/ca\/wp-json\/wp\/v2\/users\/235573868"}],"replies":[{"embeddable":true,"href":"https:\/\/galatzotrail.com\/ca\/wp-json\/wp\/v2\/comments?post=8764"}],"version-history":[{"count":8,"href":"https:\/\/galatzotrail.com\/ca\/wp-json\/wp\/v2\/pages\/8764\/revisions"}],"predecessor-version":[{"id":11089,"href":"https:\/\/galatzotrail.com\/ca\/wp-json\/wp\/v2\/pages\/8764\/revisions\/11089"}],"wp:attachment":[{"href":"https:\/\/galatzotrail.com\/ca\/wp-json\/wp\/v2\/media?parent=8764"}],"curies":[{"name":"wp","href":"https:\/\/api.w.org\/{rel}","templated":true}]}}