{"id":8693,"date":"2023-06-12T11:18:47","date_gmt":"2023-06-12T09:18:47","guid":{"rendered":"https:\/\/galatzotrail.com\/categories-i-premis\/"},"modified":"2026-01-08T12:05:02","modified_gmt":"2026-01-08T11:05:02","slug":"categories-i-premis","status":"publish","type":"page","link":"https:\/\/galatzotrail.com\/ca\/categories-i-premis\/","title":{"rendered":"Categories i premis"},"content":{"rendered":"<section class=\"wpb-content-wrapper\"><p>[vc_row full_width=&#8221;stretch_row&#8221; css=&#8221;.vc_custom_1752224349599{padding-top: 100px !important;background-color: #ffffff !important;}&#8221; top_section_title=&#8221;&#8221; bottom_section_title=&#8221;&#8221;][vc_column css=&#8221;.vc_custom_1515752113308{padding-right: 0px !important;padding-left: 0px !important;}&#8221;][vc_row_inner css=&#8221;.vc_custom_1686642961687{padding-top: 40px !important;padding-right: 100px !important;padding-bottom: 30px !important;padding-left: 100px !important;}&#8221;][vc_column_inner][vc_empty_space height=&#8221;25px&#8221;][vc_empty_space height=&#8221;25px&#8221;]<header class=\"kd-section-title col-lg-12 text-left  kd-animated fadeIn   vc_custom_1752224381168\" data-animation-delay=200><h2 class=\"separator_off\" style=\"color: #efcf00;\">Categor\u00edes i premis<\/h2><\/header>[vc_column_text]<\/p>\n<h3>Premis:<\/h3>\n<p><span style=\"font-weight: 400;\">En categoria absoluta es lliurar\u00e0 premi als 3 i les 3 primeres classificades absolutes.<\/span><\/p>\n<p><strong><span style=\"font-weight: 400;\">En els grups d&#8217;edat de les carreres HALF i LEGEND es lliuraran premis <\/span>\u00daNICAMENT als 3 primers i les 3 primeres classificades.<\/strong><\/p>\n<p><span style=\"font-weight: 400;\">Ser\u00e0 imprescindible estar present al lliurament de premis per a poder recollir-lo.<\/span><\/p>\n<h3>Categories:<\/h3>\n<table>\n<tbody>\n<tr>\n<td><b>CATEGORIA<\/b><\/td>\n<td><b>GT EXPLORER<\/b><\/td>\n<td><b>GT\u00a0<\/b><\/p>\n<p><b>HALF<\/b><\/td>\n<td><b>GT LEGEND<\/b><\/td>\n<\/tr>\n<tr>\n<td><span style=\"font-weight: 400;\">ABSOLUTA M\/F<\/span><\/td>\n<td><span style=\"font-weight: 400;\">1\u00ba,2\u00ba,3\u00ba,4\u00ba,5\u00ba<\/span><\/td>\n<td><span style=\"font-weight: 400;\">1\u00ba,2\u00ba,3\u00ba<\/span><\/td>\n<td><span style=\"font-weight: 400;\">1\u00ba,2\u00ba,3\u00ba<\/span><\/td>\n<\/tr>\n<tr>\n<td><span style=\"font-weight: 400;\">PROMESA MASCULINA\/FEMENINA (21 \u2013 23)<\/span><\/td>\n<td><\/td>\n<td><span style=\"font-weight: 400;\">1\u00ba,2\u00ba,3\u00ba<\/span><\/td>\n<td><\/td>\n<\/tr>\n<tr>\n<td><span style=\"font-weight: 400;\">SENIOR MASCULINA \/ FEMENINA (24 \u2013 39)<\/span><\/td>\n<td><\/td>\n<td><span style=\"font-weight: 400;\">1\u00ba,2\u00ba,3\u00ba<\/span><\/td>\n<td><span style=\"font-weight: 400;\">1\u00ba,2\u00ba,3\u00ba<\/span><\/td>\n<\/tr>\n<tr>\n<td><span style=\"font-weight: 400;\">VETERANS A &#8211; M40 \/ VETERANES F40 (40 \u2013 49)<\/span><\/td>\n<td><\/td>\n<td><span style=\"font-weight: 400;\">1\u00ba,2\u00ba,3\u00ba<\/span><\/td>\n<td><span style=\"font-weight: 400;\">1\u00ba,2\u00ba,3\u00ba<\/span><\/td>\n<\/tr>\n<tr>\n<td><span style=\"font-weight: 400;\">VETERANS B &#8211; M50 \/ VETERANES F50 (50 \u2013 54)<\/span><\/td>\n<td><\/td>\n<td><span style=\"font-weight: 400;\">1\u00ba,2\u00ba,3\u00ba<\/span><\/td>\n<td><span style=\"font-weight: 400;\">1\u00ba,2\u00ba,3\u00ba<\/span><\/td>\n<\/tr>\n<tr>\n<td><span style=\"font-weight: 400;\">MASTER M55\/ MASTER F55 (55 \u2013 59)<\/span><\/td>\n<td><\/td>\n<td><span style=\"font-weight: 400;\">1\u00ba,2\u00ba,3\u00ba<\/span><\/td>\n<td><span style=\"font-weight: 400;\">1\u00ba,2\u00ba,3\u00ba<\/span><\/td>\n<\/tr>\n<tr>\n<td><span style=\"font-weight: 400;\">VETERANS C &#8211; M60 \/ VETERANES F60 (+60)<\/span><\/td>\n<td><\/td>\n<td><span style=\"font-weight: 400;\">1\u00ba,2\u00ba,3\u00ba<\/span><\/td>\n<td><span style=\"font-weight: 400;\">1\u00ba,2\u00ba,3\u00ba<\/span><\/td>\n<\/tr>\n<\/tbody>\n<\/table>\n<p>&nbsp;<\/p>\n<p><span style=\"font-weight: 400;\">Les categories i premis establerts s\u00f3n: amb edats referenciades a data 31 de desembre de l&#8217;any de la competici\u00f3.<\/span><\/p>\n<p><span style=\"font-weight: 400;\">Ser\u00e0 imprescindible ser present en el lliurament de premis per a recollir trofeus o material que li correspongui per classificaci\u00f3.<\/span><\/p>\n<\/section>","protected":false},"excerpt":{"rendered":"<p>[vc_row full_width=&#8221;stretch_row&#8221; css=&#8221;.vc_custom_1752224349599{padding-top: 100px !important;background-color: #ffffff !important;}&#8221; top_section_title=&#8221;&#8221; bottom_section_title=&#8221;&#8221;][vc_column css=&#8221;.vc_custom_1515752113308{padding-right: 0px !important;padding-left: 0px !important;}&#8221;][vc_row_inner css=&#8221;.vc_custom_1686642961687{padding-top: 40px !important;padding-right: 100px !important;padding-bottom: 30px [&hellip;]<\/p>\n","protected":false},"author":235573868,"featured_media":9655,"parent":0,"menu_order":0,"comment_status":"closed","ping_status":"closed","template":"","meta":{"_crdt_document":"","footnotes":""},"class_list":["post-8693","page","type-page","status-publish","has-post-thumbnail","hentry"],"yoast_head":"<!-- This site is optimized with the Yoast SEO plugin v27.6 - https:\/\/yoast.com\/product\/yoast-seo-wordpress\/ -->\n<title>Categories i premis - Galatz\u00f3 Trail Mallorca<\/title>\n<meta name=\"description\" content=\"Junior, promesa, senior, veteranos A, veteranos B, masters, veteranos C y absoluta.\" \/>\n<meta name=\"robots\" content=\"index, follow, max-snippet:-1, max-image-preview:large, max-video-preview:-1\" \/>\n<link rel=\"canonical\" href=\"https:\/\/galatzotrail.com\/ca\/categories-i-premis\/\" \/>\n<meta property=\"og:locale\" content=\"ca_ES\" \/>\n<meta property=\"og:type\" content=\"article\" \/>\n<meta property=\"og:title\" content=\"Categories i premis - Galatz\u00f3 Trail Mallorca\" \/>\n<meta property=\"og:description\" content=\"Junior, promesa, senior, veteranos A, veteranos B, masters, veteranos C y absoluta.\" \/>\n<meta property=\"og:url\" content=\"https:\/\/galatzotrail.com\/ca\/categories-i-premis\/\" \/>\n<meta property=\"og:site_name\" content=\"Galatz\u00f3 Trail\" \/>\n<meta property=\"article:publisher\" content=\"https:\/\/www.facebook.com\/galatzotrail\/\" \/>\n<meta property=\"article:modified_time\" content=\"2026-01-08T11:05:02+00:00\" \/>\n<meta property=\"og:image\" content=\"https:\/\/galatzotrail.com\/wp-content\/uploads\/2024\/05\/gt-meta_0008_img_7135.png\" \/>\n\t<meta property=\"og:image:width\" content=\"1417\" \/>\n\t<meta property=\"og:image:height\" content=\"945\" \/>\n\t<meta property=\"og:image:type\" content=\"image\/png\" \/>\n<meta name=\"twitter:card\" content=\"summary_large_image\" \/>\n<meta name=\"twitter:label1\" content=\"Temps estimat de lectura\" \/>\n\t<meta name=\"twitter:data1\" content=\"2 minuts\" \/>\n<script type=\"application\/ld+json\" class=\"yoast-schema-graph\">{\"@context\":\"https:\\\/\\\/schema.org\",\"@graph\":[{\"@type\":\"WebPage\",\"@id\":\"https:\\\/\\\/galatzotrail.com\\\/ca\\\/categories-i-premis\\\/\",\"url\":\"https:\\\/\\\/galatzotrail.com\\\/ca\\\/categories-i-premis\\\/\",\"name\":\"Categories i premis - Galatz\u00f3 Trail Mallorca\",\"isPartOf\":{\"@id\":\"https:\\\/\\\/galatzotrail.com\\\/ca\\\/#website\"},\"primaryImageOfPage\":{\"@id\":\"https:\\\/\\\/galatzotrail.com\\\/ca\\\/categories-i-premis\\\/#primaryimage\"},\"image\":{\"@id\":\"https:\\\/\\\/galatzotrail.com\\\/ca\\\/categories-i-premis\\\/#primaryimage\"},\"thumbnailUrl\":\"https:\\\/\\\/i0.wp.com\\\/galatzotrail.com\\\/wp-content\\\/uploads\\\/2024\\\/05\\\/gt-meta_0008_img_7135.png?fit=1417%2C945&ssl=1\",\"datePublished\":\"2023-06-12T09:18:47+00:00\",\"dateModified\":\"2026-01-08T11:05:02+00:00\",\"description\":\"Junior, promesa, senior, veteranos A, veteranos B, masters, veteranos C y absoluta.\",\"breadcrumb\":{\"@id\":\"https:\\\/\\\/galatzotrail.com\\\/ca\\\/categories-i-premis\\\/#breadcrumb\"},\"inLanguage\":\"ca\",\"potentialAction\":[{\"@type\":\"ReadAction\",\"target\":[\"https:\\\/\\\/galatzotrail.com\\\/ca\\\/categories-i-premis\\\/\"]}]},{\"@type\":\"ImageObject\",\"inLanguage\":\"ca\",\"@id\":\"https:\\\/\\\/galatzotrail.com\\\/ca\\\/categories-i-premis\\\/#primaryimage\",\"url\":\"https:\\\/\\\/i0.wp.com\\\/galatzotrail.com\\\/wp-content\\\/uploads\\\/2024\\\/05\\\/gt-meta_0008_img_7135.png?fit=1417%2C945&ssl=1\",\"contentUrl\":\"https:\\\/\\\/i0.wp.com\\\/galatzotrail.com\\\/wp-content\\\/uploads\\\/2024\\\/05\\\/gt-meta_0008_img_7135.png?fit=1417%2C945&ssl=1\",\"width\":1417,\"height\":945},{\"@type\":\"BreadcrumbList\",\"@id\":\"https:\\\/\\\/galatzotrail.com\\\/ca\\\/categories-i-premis\\\/#breadcrumb\",\"itemListElement\":[{\"@type\":\"ListItem\",\"position\":1,\"name\":\"Portada\",\"item\":\"https:\\\/\\\/galatzotrail.com\\\/ca\\\/\"},{\"@type\":\"ListItem\",\"position\":2,\"name\":\"Categories i premis\"}]},{\"@type\":\"WebSite\",\"@id\":\"https:\\\/\\\/galatzotrail.com\\\/ca\\\/#website\",\"url\":\"https:\\\/\\\/galatzotrail.com\\\/ca\\\/\",\"name\":\"Galatz\u00f3 Trail\",\"description\":\"Mallorca Trail Mountain Marathon. 43 o 23 km de puro trail running en una de las monta\u00f1as m\u00e1s m\u00edticas de Mallorca: el puig de Galatz\u00f3, en Calvi\u00e0.\",\"publisher\":{\"@id\":\"https:\\\/\\\/galatzotrail.com\\\/ca\\\/#organization\"},\"potentialAction\":[{\"@type\":\"SearchAction\",\"target\":{\"@type\":\"EntryPoint\",\"urlTemplate\":\"https:\\\/\\\/galatzotrail.com\\\/ca\\\/?s={search_term_string}\"},\"query-input\":{\"@type\":\"PropertyValueSpecification\",\"valueRequired\":true,\"valueName\":\"search_term_string\"}}],\"inLanguage\":\"ca\"},{\"@type\":\"Organization\",\"@id\":\"https:\\\/\\\/galatzotrail.com\\\/ca\\\/#organization\",\"name\":\"Galatz\u00f3 Trail\",\"alternateName\":\"Fundaci\u00f3n Calvi\u00e0 2004\",\"url\":\"https:\\\/\\\/galatzotrail.com\\\/ca\\\/\",\"logo\":{\"@type\":\"ImageObject\",\"inLanguage\":\"ca\",\"@id\":\"https:\\\/\\\/galatzotrail.com\\\/ca\\\/#\\\/schema\\\/logo\\\/image\\\/\",\"url\":\"https:\\\/\\\/i0.wp.com\\\/galatzotrail.com\\\/wp-content\\\/uploads\\\/2023\\\/05\\\/logo-galatzo-trail-fondo-blanco.png?fit=4525%2C3073&ssl=1\",\"contentUrl\":\"https:\\\/\\\/i0.wp.com\\\/galatzotrail.com\\\/wp-content\\\/uploads\\\/2023\\\/05\\\/logo-galatzo-trail-fondo-blanco.png?fit=4525%2C3073&ssl=1\",\"width\":4525,\"height\":3073,\"caption\":\"Galatz\u00f3 Trail\"},\"image\":{\"@id\":\"https:\\\/\\\/galatzotrail.com\\\/ca\\\/#\\\/schema\\\/logo\\\/image\\\/\"},\"sameAs\":[\"https:\\\/\\\/www.facebook.com\\\/galatzotrail\\\/\",\"https:\\\/\\\/www.instagram.com\\\/galatzotrail\\\/?hl=es\"]}]}<\/script>\n<!-- \/ Yoast SEO plugin. -->","yoast_head_json":{"title":"Categories i premis - Galatz\u00f3 Trail Mallorca","description":"Junior, promesa, senior, veteranos A, veteranos B, masters, veteranos C y absoluta.","robots":{"index":"index","follow":"follow","max-snippet":"max-snippet:-1","max-image-preview":"max-image-preview:large","max-video-preview":"max-video-preview:-1"},"canonical":"https:\/\/galatzotrail.com\/ca\/categories-i-premis\/","og_locale":"ca_ES","og_type":"article","og_title":"Categories i premis - Galatz\u00f3 Trail Mallorca","og_description":"Junior, promesa, senior, veteranos A, veteranos B, masters, veteranos C y absoluta.","og_url":"https:\/\/galatzotrail.com\/ca\/categories-i-premis\/","og_site_name":"Galatz\u00f3 Trail","article_publisher":"https:\/\/www.facebook.com\/galatzotrail\/","article_modified_time":"2026-01-08T11:05:02+00:00","og_image":[{"width":1417,"height":945,"url":"https:\/\/galatzotrail.com\/wp-content\/uploads\/2024\/05\/gt-meta_0008_img_7135.png","type":"image\/png"}],"twitter_card":"summary_large_image","twitter_misc":{"Temps estimat de lectura":"2 minuts"},"schema":{"@context":"https:\/\/schema.org","@graph":[{"@type":"WebPage","@id":"https:\/\/galatzotrail.com\/ca\/categories-i-premis\/","url":"https:\/\/galatzotrail.com\/ca\/categories-i-premis\/","name":"Categories i premis - Galatz\u00f3 Trail Mallorca","isPartOf":{"@id":"https:\/\/galatzotrail.com\/ca\/#website"},"primaryImageOfPage":{"@id":"https:\/\/galatzotrail.com\/ca\/categories-i-premis\/#primaryimage"},"image":{"@id":"https:\/\/galatzotrail.com\/ca\/categories-i-premis\/#primaryimage"},"thumbnailUrl":"https:\/\/i0.wp.com\/galatzotrail.com\/wp-content\/uploads\/2024\/05\/gt-meta_0008_img_7135.png?fit=1417%2C945&ssl=1","datePublished":"2023-06-12T09:18:47+00:00","dateModified":"2026-01-08T11:05:02+00:00","description":"Junior, promesa, senior, veteranos A, veteranos B, masters, veteranos C y absoluta.","breadcrumb":{"@id":"https:\/\/galatzotrail.com\/ca\/categories-i-premis\/#breadcrumb"},"inLanguage":"ca","potentialAction":[{"@type":"ReadAction","target":["https:\/\/galatzotrail.com\/ca\/categories-i-premis\/"]}]},{"@type":"ImageObject","inLanguage":"ca","@id":"https:\/\/galatzotrail.com\/ca\/categories-i-premis\/#primaryimage","url":"https:\/\/i0.wp.com\/galatzotrail.com\/wp-content\/uploads\/2024\/05\/gt-meta_0008_img_7135.png?fit=1417%2C945&ssl=1","contentUrl":"https:\/\/i0.wp.com\/galatzotrail.com\/wp-content\/uploads\/2024\/05\/gt-meta_0008_img_7135.png?fit=1417%2C945&ssl=1","width":1417,"height":945},{"@type":"BreadcrumbList","@id":"https:\/\/galatzotrail.com\/ca\/categories-i-premis\/#breadcrumb","itemListElement":[{"@type":"ListItem","position":1,"name":"Portada","item":"https:\/\/galatzotrail.com\/ca\/"},{"@type":"ListItem","position":2,"name":"Categories i premis"}]},{"@type":"WebSite","@id":"https:\/\/galatzotrail.com\/ca\/#website","url":"https:\/\/galatzotrail.com\/ca\/","name":"Galatz\u00f3 Trail","description":"Mallorca Trail Mountain Marathon. 43 o 23 km de puro trail running en una de las monta\u00f1as m\u00e1s m\u00edticas de Mallorca: el puig de Galatz\u00f3, en Calvi\u00e0.","publisher":{"@id":"https:\/\/galatzotrail.com\/ca\/#organization"},"potentialAction":[{"@type":"SearchAction","target":{"@type":"EntryPoint","urlTemplate":"https:\/\/galatzotrail.com\/ca\/?s={search_term_string}"},"query-input":{"@type":"PropertyValueSpecification","valueRequired":true,"valueName":"search_term_string"}}],"inLanguage":"ca"},{"@type":"Organization","@id":"https:\/\/galatzotrail.com\/ca\/#organization","name":"Galatz\u00f3 Trail","alternateName":"Fundaci\u00f3n Calvi\u00e0 2004","url":"https:\/\/galatzotrail.com\/ca\/","logo":{"@type":"ImageObject","inLanguage":"ca","@id":"https:\/\/galatzotrail.com\/ca\/#\/schema\/logo\/image\/","url":"https:\/\/i0.wp.com\/galatzotrail.com\/wp-content\/uploads\/2023\/05\/logo-galatzo-trail-fondo-blanco.png?fit=4525%2C3073&ssl=1","contentUrl":"https:\/\/i0.wp.com\/galatzotrail.com\/wp-content\/uploads\/2023\/05\/logo-galatzo-trail-fondo-blanco.png?fit=4525%2C3073&ssl=1","width":4525,"height":3073,"caption":"Galatz\u00f3 Trail"},"image":{"@id":"https:\/\/galatzotrail.com\/ca\/#\/schema\/logo\/image\/"},"sameAs":["https:\/\/www.facebook.com\/galatzotrail\/","https:\/\/www.instagram.com\/galatzotrail\/?hl=es"]}]}},"jetpack_likes_enabled":true,"jetpack_sharing_enabled":true,"jetpack_shortlink":"https:\/\/wp.me\/PeQ9AI-2gd","jetpack-related-posts":[],"_links":{"self":[{"href":"https:\/\/galatzotrail.com\/ca\/wp-json\/wp\/v2\/pages\/8693","targetHints":{"allow":["GET"]}}],"collection":[{"href":"https:\/\/galatzotrail.com\/ca\/wp-json\/wp\/v2\/pages"}],"about":[{"href":"https:\/\/galatzotrail.com\/ca\/wp-json\/wp\/v2\/types\/page"}],"author":[{"embeddable":true,"href":"https:\/\/galatzotrail.com\/ca\/wp-json\/wp\/v2\/users\/235573868"}],"replies":[{"embeddable":true,"href":"https:\/\/galatzotrail.com\/ca\/wp-json\/wp\/v2\/comments?post=8693"}],"version-history":[{"count":19,"href":"https:\/\/galatzotrail.com\/ca\/wp-json\/wp\/v2\/pages\/8693\/revisions"}],"predecessor-version":[{"id":10937,"href":"https:\/\/galatzotrail.com\/ca\/wp-json\/wp\/v2\/pages\/8693\/revisions\/10937"}],"wp:featuredmedia":[{"embeddable":true,"href":"https:\/\/galatzotrail.com\/ca\/wp-json\/wp\/v2\/media\/9655"}],"wp:attachment":[{"href":"https:\/\/galatzotrail.com\/ca\/wp-json\/wp\/v2\/media?parent=8693"}],"curies":[{"name":"wp","href":"https:\/\/api.w.org\/{rel}","templated":true}]}}