{"id":8685,"date":"2023-06-15T13:53:24","date_gmt":"2023-06-15T11:53:24","guid":{"rendered":"https:\/\/galatzotrail.com\/briefing-y-racebook-cat\/"},"modified":"2026-03-06T11:57:31","modified_gmt":"2026-03-06T10:57:31","slug":"briefing-racebook-cat","status":"publish","type":"page","link":"https:\/\/galatzotrail.com\/ca\/briefing-racebook-cat\/","title":{"rendered":"Briefing i Racebook"},"content":{"rendered":"<section class=\"wpb-content-wrapper\"><p>[vc_row full_width=&#8221;stretch_row&#8221; full_height=&#8221;yes&#8221; content_placement=&#8221;top&#8221; css=&#8221;.vc_custom_1770634858076{margin-right: 15px !important;padding-top: 230px !important;padding-bottom: 150px !important;background-image: url(<a href=\"https:\/\/galatzotrail.com\/wp-content\/uploads\/2026\/02\/base-gt-2026.png?id=11013\">https:\/\/galatzotrail.com\/wp-content\/uploads\/2026\/02\/base-gt-2026.png?id=11013<\/a>) !important;background-position: center !important;background-repeat: no-repeat !important;background-size: cover !important;}&#8221;][vc_column width=&#8221;5\/12&#8243; css=&#8221;.vc_custom_1686831648031{padding-top: 15px !important;padding-right: 50px !important;padding-bottom: 30px !important;padding-left: 50px !important;background-color: #ffffff !important;border-radius: 10px !important;}&#8221; el_id=&#8221;contact-form-box&#8221; offset=&#8221;vc_col-lg-5 vc_col-md-12&#8243; el_class=&#8221;with-shadow&#8221;]<div class=\"kd-text-rotator kd-rotatorid-69da4988eedd6 text-center  \"><div class=\"kd-text-rotator-container\"><h2 class=\"rotator-single kd-rotator-item-1 \" style=\"\">RACEBOOK<\/h2><h2 class=\"rotator-single kd-rotator-item-2 \" style=\"\">GALATZ\u00d3 TRAIL<\/h2><h2 class=\"rotator-single kd-rotator-item-3 \" style=\"\">CATAL\u00c0<\/h2><h2 class=\"rotator-single kd-rotator-item-4 last\" style=\"transition: all 0.5s 4.25s;\">RACEBOOK - CATAL\u00c0<\/h2><\/div><\/div>[vc_custom_heading text=&#8221;Tota la informaci\u00f3 aqu\u00ed:&#8221; font_container=&#8221;tag:h6|text_align:center&#8221; use_theme_fonts=&#8221;yes&#8221; css=&#8221;.vc_custom_1770635316502{margin-top: -50px !important;margin-bottom: 30px !important;}&#8221;]<a  href=\"https:\/\/drive.google.com\/file\/d\/1WE8zT0wWTPq5xa3DPNuLZYDA9WHU5Egi\/view?usp=drive_link\"  target=\"_self\"  title=\"\" class=\"tt_button tt_primary_button btn_secondary_color  button-center button-action-link icon_left\" ><span class=\"far fa-file-powerpoint iconita\"><\/span><span class=\"prim_text\">Veure RACEBOOK \/ Descarregar<\/span><\/a>[vc_empty_space height=&#8221;20px&#8221;][vc_single_image image=&#8221;11020&#8243; img_size=&#8221;full&#8221; alignment=&#8221;center&#8221; onclick=&#8221;custom_link&#8221; link=&#8221;<a href=\"https:\/\/drive.google.com\/file\/d\/1WE8zT0wWTPq5xa3DPNuLZYDA9WHU5Egi\/view?usp=drive_link&#8221;%5D%5Bvc_empty_space\" rel=\"nofollow\">https:\/\/drive.google.com\/file\/d\/1WE8zT0wWTPq5xa3DPNuLZYDA9WHU5Egi\/view?usp=drive_link&#8221;%5D%5Bvc_empty_space<\/a> height=&#8221;20px&#8221;][vc_row_inner][vc_column_inner width=&#8221;1\/5&#8243;][\/vc_column_inner][vc_column_inner width=&#8221;1\/5&#8243;][vc_single_image image=&#8221;8605&#8243; img_size=&#8221;50&#215;33&#8243; onclick=&#8221;custom_link&#8221; link=&#8221;<a href=\"https:\/\/drive.google.com\/file\/d\/1WE8zT0wWTPq5xa3DPNuLZYDA9WHU5Egi\/view?usp=drive_link&#8221;%5D%5B\/vc_column_inner%5D%5Bvc_column_inner\" rel=\"nofollow\">https:\/\/drive.google.com\/file\/d\/1WE8zT0wWTPq5xa3DPNuLZYDA9WHU5Egi\/view?usp=drive_link&#8221;%5D%5B\/vc_column_inner%5D%5Bvc_column_inner<\/a> width=&#8221;1\/5&#8243;][vc_single_image image=&#8221;8607&#8243; img_size=&#8221;50&#215;33&#8243; onclick=&#8221;custom_link&#8221; link=&#8221;<a href=\"https:\/\/drive.google.com\/file\/d\/1eLyAZSmnFTaZh110escqRHyuJGZJC77A\/view?usp=drive_link&#8221;%5D%5B\/vc_column_inner%5D%5Bvc_column_inner\" rel=\"nofollow\">https:\/\/drive.google.com\/file\/d\/1eLyAZSmnFTaZh110escqRHyuJGZJC77A\/view?usp=drive_link&#8221;%5D%5B\/vc_column_inner%5D%5Bvc_column_inner<\/a> width=&#8221;1\/5&#8243;][vc_single_image image=&#8221;8609&#8243; img_size=&#8221;50&#215;33&#8243; onclick=&#8221;custom_link&#8221; link=&#8221;<a href=\"https:\/\/drive.google.com\/file\/d\/1eNzb64QdSdbQ-3VpYHoyjBRGONy7gQle\/view?usp=drive_link&#8221;%5D%5B\/vc_column_inner%5D%5Bvc_column_inner\" rel=\"nofollow\">https:\/\/drive.google.com\/file\/d\/1eNzb64QdSdbQ-3VpYHoyjBRGONy7gQle\/view?usp=drive_link&#8221;%5D%5B\/vc_column_inner%5D%5Bvc_column_inner<\/a> width=&#8221;1\/5&#8243;][\/vc_column_inner][\/vc_row_inner][\/vc_column][vc_column width=&#8221;1\/12&#8243;][\/vc_column][vc_column width=&#8221;1\/2&#8243; css=&#8221;.vc_custom_1686832760160{padding-top: 5px !important;padding-right: 50px !important;padding-bottom: 30px !important;padding-left: 50px !important;background-color: #ffffff !important;border-radius: 10px !important;}&#8221; offset=&#8221;vc_col-lg-6 vc_col-md-12&#8243;]<div class=\"kd-text-rotator kd-rotatorid-69da4988eee9e text-center  \"><div class=\"kd-text-rotator-container\"><h2 class=\"rotator-single kd-rotator-item-1 \" style=\"\"> BRIEFING<\/h2><h2 class=\"rotator-single kd-rotator-item-2 \" style=\"\">VIRTUAL <\/h2><h2 class=\"rotator-single kd-rotator-item-3 last\" style=\"transition: all 0.5s 3s;\">BRIEFING VIRTUAL <\/h2><\/div><\/div>[vc_custom_heading text=&#8221;Tota la informaci\u00f3 en aquest v\u00eddeo:&#8221; font_container=&#8221;tag:h6|text_align:center&#8221; use_theme_fonts=&#8221;yes&#8221; css=&#8221;.vc_custom_1770635300090{margin-top: -50px !important;margin-bottom: 30px !important;padding-left: 20px !important;}&#8221;]<a  href=\"https:\/\/youtu.be\/qBxztZWjtC8\"  target=\"_self\"  title=\"\" class=\"tt_button tt_primary_button btn_secondary_color  button-center button-action-link icon_left\" ><span class=\"fab fa-youtube iconita\"><\/span><span class=\"prim_text\">Veure BRIEFING<\/span><\/a>[vc_empty_space height=&#8221;20px&#8221;][vc_single_image image=&#8221;11023&#8243; img_size=&#8221;full&#8221; alignment=&#8221;center&#8221;][vc_empty_space height=&#8221;30px&#8221;][vc_row_inner][vc_column_inner width=&#8221;1\/5&#8243;][\/vc_column_inner][vc_column_inner width=&#8221;1\/5&#8243;][vc_single_image image=&#8221;8605&#8243; img_size=&#8221;50&#215;33&#8243; onclick=&#8221;custom_link&#8221; link=&#8221;<a href=\"https:\/\/youtu.be\/qBxztZWjtC8&#8243;%5D%5B\/vc_column_inner%5D%5Bvc_column_inner\" rel=\"nofollow\">https:\/\/youtu.be\/qBxztZWjtC8&#8243;%5D%5B\/vc_column_inner%5D%5Bvc_column_inner<\/a> width=&#8221;1\/5&#8243;][vc_single_image image=&#8221;8607&#8243; img_size=&#8221;50&#215;33&#8243; onclick=&#8221;custom_link&#8221; link=&#8221;<a href=\"https:\/\/youtu.be\/CVXL-9BveWA&#8221;%5D%5B\/vc_column_inner%5D%5Bvc_column_inner\" rel=\"nofollow\">https:\/\/youtu.be\/CVXL-9BveWA&#8221;%5D%5B\/vc_column_inner%5D%5Bvc_column_inner<\/a> width=&#8221;1\/5&#8243;][vc_single_image image=&#8221;8609&#8243; img_size=&#8221;50&#215;33&#8243; onclick=&#8221;custom_link&#8221; link=&#8221;<a href=\"https:\/\/youtu.be\/YhTKTtUAxwE&#8221;%5D%5B\/vc_column_inner%5D%5Bvc_column_inner\" rel=\"nofollow\">https:\/\/youtu.be\/YhTKTtUAxwE&#8221;%5D%5B\/vc_column_inner%5D%5Bvc_column_inner<\/a> width=&#8221;1\/5&#8243;][\/vc_column_inner][\/vc_row_inner][\/vc_column][\/vc_row]<\/p>\n<\/section>","protected":false},"excerpt":{"rendered":"<p>[vc_row full_width=&#8221;stretch_row&#8221; full_height=&#8221;yes&#8221; content_placement=&#8221;top&#8221; css=&#8221;.vc_custom_1770634858076{margin-right: 15px !important;padding-top: 230px !important;padding-bottom: 150px !important;background-image: url(<a href=\"https:\/\/galatzotrail.com\/wp-content\/uploads\/2026\/02\/base-gt-2026.png?id=11013\">https:\/\/galatzotrail.com\/wp-content\/uploads\/2026\/02\/base-gt-2026.png?id=11013<\/a>) !important;background-position: center !important;background-repeat: no-repeat !important;background-size: cover !important;}&#8221;][vc_column width=&#8221;5\/12&#8243; [&hellip;]<\/p>\n","protected":false},"author":235573868,"featured_media":10334,"parent":0,"menu_order":0,"comment_status":"closed","ping_status":"closed","template":"","meta":{"_crdt_document":"","jetpack_post_was_ever_published":false,"footnotes":""},"class_list":["post-8685","page","type-page","status-publish","has-post-thumbnail","hentry"],"yoast_head":"<!-- This site is optimized with the Yoast SEO plugin v27.3 - https:\/\/yoast.com\/product\/yoast-seo-wordpress\/ -->\n<title>Briefing i Racebook - Galatz\u00f3 Trail Mallorca<\/title>\n<meta name=\"description\" content=\"Tota la informaci\u00f3 de carrera en RACEBOOK I BRIEFING - Galatz\u00f3 Trail Mallorca\" \/>\n<meta name=\"robots\" content=\"index, follow, max-snippet:-1, max-image-preview:large, max-video-preview:-1\" \/>\n<link rel=\"canonical\" href=\"https:\/\/galatzotrail.com\/ca\/briefing-racebook-cat\/\" \/>\n<meta property=\"og:locale\" content=\"ca_ES\" \/>\n<meta property=\"og:type\" content=\"article\" \/>\n<meta property=\"og:title\" content=\"Briefing i Racebook - Galatz\u00f3 Trail Mallorca\" \/>\n<meta property=\"og:description\" content=\"Tota la informaci\u00f3 de carrera en RACEBOOK I BRIEFING - Galatz\u00f3 Trail Mallorca\" \/>\n<meta property=\"og:url\" content=\"https:\/\/galatzotrail.com\/ca\/briefing-racebook-cat\/\" \/>\n<meta property=\"og:site_name\" content=\"Galatz\u00f3 Trail\" \/>\n<meta property=\"article:publisher\" content=\"https:\/\/www.facebook.com\/galatzotrail\/\" \/>\n<meta property=\"article:modified_time\" content=\"2026-03-06T10:57:31+00:00\" \/>\n<meta property=\"og:image\" content=\"https:\/\/galatzotrail.com\/wp-content\/uploads\/2025\/01\/portada-briefing-y-racebook.png\" \/>\n\t<meta property=\"og:image:width\" content=\"698\" \/>\n\t<meta property=\"og:image:height\" content=\"500\" \/>\n\t<meta property=\"og:image:type\" content=\"image\/png\" \/>\n<meta name=\"twitter:card\" content=\"summary_large_image\" \/>\n<meta name=\"twitter:label1\" content=\"Temps estimat de lectura\" \/>\n\t<meta name=\"twitter:data1\" content=\"1 minut\" \/>\n<script type=\"application\/ld+json\" class=\"yoast-schema-graph\">{\"@context\":\"https:\\\/\\\/schema.org\",\"@graph\":[{\"@type\":\"WebPage\",\"@id\":\"https:\\\/\\\/galatzotrail.com\\\/ca\\\/briefing-racebook-cat\\\/\",\"url\":\"https:\\\/\\\/galatzotrail.com\\\/ca\\\/briefing-racebook-cat\\\/\",\"name\":\"Briefing i Racebook - Galatz\u00f3 Trail Mallorca\",\"isPartOf\":{\"@id\":\"https:\\\/\\\/galatzotrail.com\\\/ca\\\/#website\"},\"primaryImageOfPage\":{\"@id\":\"https:\\\/\\\/galatzotrail.com\\\/ca\\\/briefing-racebook-cat\\\/#primaryimage\"},\"image\":{\"@id\":\"https:\\\/\\\/galatzotrail.com\\\/ca\\\/briefing-racebook-cat\\\/#primaryimage\"},\"thumbnailUrl\":\"https:\\\/\\\/i0.wp.com\\\/galatzotrail.com\\\/wp-content\\\/uploads\\\/2025\\\/01\\\/portada-briefing-y-racebook.png?fit=698%2C500&ssl=1\",\"datePublished\":\"2023-06-15T11:53:24+00:00\",\"dateModified\":\"2026-03-06T10:57:31+00:00\",\"description\":\"Tota la informaci\u00f3 de carrera en RACEBOOK I BRIEFING - Galatz\u00f3 Trail Mallorca\",\"breadcrumb\":{\"@id\":\"https:\\\/\\\/galatzotrail.com\\\/ca\\\/briefing-racebook-cat\\\/#breadcrumb\"},\"inLanguage\":\"ca\",\"potentialAction\":[{\"@type\":\"ReadAction\",\"target\":[\"https:\\\/\\\/galatzotrail.com\\\/ca\\\/briefing-racebook-cat\\\/\"]}]},{\"@type\":\"ImageObject\",\"inLanguage\":\"ca\",\"@id\":\"https:\\\/\\\/galatzotrail.com\\\/ca\\\/briefing-racebook-cat\\\/#primaryimage\",\"url\":\"https:\\\/\\\/i0.wp.com\\\/galatzotrail.com\\\/wp-content\\\/uploads\\\/2025\\\/01\\\/portada-briefing-y-racebook.png?fit=698%2C500&ssl=1\",\"contentUrl\":\"https:\\\/\\\/i0.wp.com\\\/galatzotrail.com\\\/wp-content\\\/uploads\\\/2025\\\/01\\\/portada-briefing-y-racebook.png?fit=698%2C500&ssl=1\",\"width\":698,\"height\":500,\"caption\":\"Galatzo\u0301 Trail - Carrera de Montan\u0303a en Mallorca - portada briefing y racebook\"},{\"@type\":\"BreadcrumbList\",\"@id\":\"https:\\\/\\\/galatzotrail.com\\\/ca\\\/briefing-racebook-cat\\\/#breadcrumb\",\"itemListElement\":[{\"@type\":\"ListItem\",\"position\":1,\"name\":\"Portada\",\"item\":\"https:\\\/\\\/galatzotrail.com\\\/ca\\\/\"},{\"@type\":\"ListItem\",\"position\":2,\"name\":\"Briefing i Racebook\"}]},{\"@type\":\"WebSite\",\"@id\":\"https:\\\/\\\/galatzotrail.com\\\/ca\\\/#website\",\"url\":\"https:\\\/\\\/galatzotrail.com\\\/ca\\\/\",\"name\":\"Galatz\u00f3 Trail\",\"description\":\"Mallorca Trail Mountain Marathon. 43 o 23 km de puro trail running en una de las monta\u00f1as m\u00e1s m\u00edticas de Mallorca: el puig de Galatz\u00f3, en Calvi\u00e0.\",\"publisher\":{\"@id\":\"https:\\\/\\\/galatzotrail.com\\\/ca\\\/#organization\"},\"potentialAction\":[{\"@type\":\"SearchAction\",\"target\":{\"@type\":\"EntryPoint\",\"urlTemplate\":\"https:\\\/\\\/galatzotrail.com\\\/ca\\\/?s={search_term_string}\"},\"query-input\":{\"@type\":\"PropertyValueSpecification\",\"valueRequired\":true,\"valueName\":\"search_term_string\"}}],\"inLanguage\":\"ca\"},{\"@type\":\"Organization\",\"@id\":\"https:\\\/\\\/galatzotrail.com\\\/ca\\\/#organization\",\"name\":\"Galatz\u00f3 Trail\",\"alternateName\":\"Fundaci\u00f3n Calvi\u00e0 2004\",\"url\":\"https:\\\/\\\/galatzotrail.com\\\/ca\\\/\",\"logo\":{\"@type\":\"ImageObject\",\"inLanguage\":\"ca\",\"@id\":\"https:\\\/\\\/galatzotrail.com\\\/ca\\\/#\\\/schema\\\/logo\\\/image\\\/\",\"url\":\"https:\\\/\\\/i0.wp.com\\\/galatzotrail.com\\\/wp-content\\\/uploads\\\/2023\\\/05\\\/logo-galatzo-trail-fondo-blanco.png?fit=4525%2C3073&ssl=1\",\"contentUrl\":\"https:\\\/\\\/i0.wp.com\\\/galatzotrail.com\\\/wp-content\\\/uploads\\\/2023\\\/05\\\/logo-galatzo-trail-fondo-blanco.png?fit=4525%2C3073&ssl=1\",\"width\":4525,\"height\":3073,\"caption\":\"Galatz\u00f3 Trail\"},\"image\":{\"@id\":\"https:\\\/\\\/galatzotrail.com\\\/ca\\\/#\\\/schema\\\/logo\\\/image\\\/\"},\"sameAs\":[\"https:\\\/\\\/www.facebook.com\\\/galatzotrail\\\/\",\"https:\\\/\\\/www.instagram.com\\\/galatzotrail\\\/?hl=es\"]}]}<\/script>\n<!-- \/ Yoast SEO plugin. -->","yoast_head_json":{"title":"Briefing i Racebook - Galatz\u00f3 Trail Mallorca","description":"Tota la informaci\u00f3 de carrera en RACEBOOK I BRIEFING - Galatz\u00f3 Trail Mallorca","robots":{"index":"index","follow":"follow","max-snippet":"max-snippet:-1","max-image-preview":"max-image-preview:large","max-video-preview":"max-video-preview:-1"},"canonical":"https:\/\/galatzotrail.com\/ca\/briefing-racebook-cat\/","og_locale":"ca_ES","og_type":"article","og_title":"Briefing i Racebook - Galatz\u00f3 Trail Mallorca","og_description":"Tota la informaci\u00f3 de carrera en RACEBOOK I BRIEFING - Galatz\u00f3 Trail Mallorca","og_url":"https:\/\/galatzotrail.com\/ca\/briefing-racebook-cat\/","og_site_name":"Galatz\u00f3 Trail","article_publisher":"https:\/\/www.facebook.com\/galatzotrail\/","article_modified_time":"2026-03-06T10:57:31+00:00","og_image":[{"width":698,"height":500,"url":"https:\/\/galatzotrail.com\/wp-content\/uploads\/2025\/01\/portada-briefing-y-racebook.png","type":"image\/png"}],"twitter_card":"summary_large_image","twitter_misc":{"Temps estimat de lectura":"1 minut"},"schema":{"@context":"https:\/\/schema.org","@graph":[{"@type":"WebPage","@id":"https:\/\/galatzotrail.com\/ca\/briefing-racebook-cat\/","url":"https:\/\/galatzotrail.com\/ca\/briefing-racebook-cat\/","name":"Briefing i Racebook - Galatz\u00f3 Trail Mallorca","isPartOf":{"@id":"https:\/\/galatzotrail.com\/ca\/#website"},"primaryImageOfPage":{"@id":"https:\/\/galatzotrail.com\/ca\/briefing-racebook-cat\/#primaryimage"},"image":{"@id":"https:\/\/galatzotrail.com\/ca\/briefing-racebook-cat\/#primaryimage"},"thumbnailUrl":"https:\/\/i0.wp.com\/galatzotrail.com\/wp-content\/uploads\/2025\/01\/portada-briefing-y-racebook.png?fit=698%2C500&ssl=1","datePublished":"2023-06-15T11:53:24+00:00","dateModified":"2026-03-06T10:57:31+00:00","description":"Tota la informaci\u00f3 de carrera en RACEBOOK I BRIEFING - Galatz\u00f3 Trail Mallorca","breadcrumb":{"@id":"https:\/\/galatzotrail.com\/ca\/briefing-racebook-cat\/#breadcrumb"},"inLanguage":"ca","potentialAction":[{"@type":"ReadAction","target":["https:\/\/galatzotrail.com\/ca\/briefing-racebook-cat\/"]}]},{"@type":"ImageObject","inLanguage":"ca","@id":"https:\/\/galatzotrail.com\/ca\/briefing-racebook-cat\/#primaryimage","url":"https:\/\/i0.wp.com\/galatzotrail.com\/wp-content\/uploads\/2025\/01\/portada-briefing-y-racebook.png?fit=698%2C500&ssl=1","contentUrl":"https:\/\/i0.wp.com\/galatzotrail.com\/wp-content\/uploads\/2025\/01\/portada-briefing-y-racebook.png?fit=698%2C500&ssl=1","width":698,"height":500,"caption":"Galatzo\u0301 Trail - Carrera de Montan\u0303a en Mallorca - portada briefing y racebook"},{"@type":"BreadcrumbList","@id":"https:\/\/galatzotrail.com\/ca\/briefing-racebook-cat\/#breadcrumb","itemListElement":[{"@type":"ListItem","position":1,"name":"Portada","item":"https:\/\/galatzotrail.com\/ca\/"},{"@type":"ListItem","position":2,"name":"Briefing i Racebook"}]},{"@type":"WebSite","@id":"https:\/\/galatzotrail.com\/ca\/#website","url":"https:\/\/galatzotrail.com\/ca\/","name":"Galatz\u00f3 Trail","description":"Mallorca Trail Mountain Marathon. 43 o 23 km de puro trail running en una de las monta\u00f1as m\u00e1s m\u00edticas de Mallorca: el puig de Galatz\u00f3, en Calvi\u00e0.","publisher":{"@id":"https:\/\/galatzotrail.com\/ca\/#organization"},"potentialAction":[{"@type":"SearchAction","target":{"@type":"EntryPoint","urlTemplate":"https:\/\/galatzotrail.com\/ca\/?s={search_term_string}"},"query-input":{"@type":"PropertyValueSpecification","valueRequired":true,"valueName":"search_term_string"}}],"inLanguage":"ca"},{"@type":"Organization","@id":"https:\/\/galatzotrail.com\/ca\/#organization","name":"Galatz\u00f3 Trail","alternateName":"Fundaci\u00f3n Calvi\u00e0 2004","url":"https:\/\/galatzotrail.com\/ca\/","logo":{"@type":"ImageObject","inLanguage":"ca","@id":"https:\/\/galatzotrail.com\/ca\/#\/schema\/logo\/image\/","url":"https:\/\/i0.wp.com\/galatzotrail.com\/wp-content\/uploads\/2023\/05\/logo-galatzo-trail-fondo-blanco.png?fit=4525%2C3073&ssl=1","contentUrl":"https:\/\/i0.wp.com\/galatzotrail.com\/wp-content\/uploads\/2023\/05\/logo-galatzo-trail-fondo-blanco.png?fit=4525%2C3073&ssl=1","width":4525,"height":3073,"caption":"Galatz\u00f3 Trail"},"image":{"@id":"https:\/\/galatzotrail.com\/ca\/#\/schema\/logo\/image\/"},"sameAs":["https:\/\/www.facebook.com\/galatzotrail\/","https:\/\/www.instagram.com\/galatzotrail\/?hl=es"]}]}},"jetpack_likes_enabled":true,"jetpack_sharing_enabled":true,"jetpack_shortlink":"https:\/\/wp.me\/PeQ9AI-2g5","jetpack-related-posts":[],"_links":{"self":[{"href":"https:\/\/galatzotrail.com\/ca\/wp-json\/wp\/v2\/pages\/8685","targetHints":{"allow":["GET"]}}],"collection":[{"href":"https:\/\/galatzotrail.com\/ca\/wp-json\/wp\/v2\/pages"}],"about":[{"href":"https:\/\/galatzotrail.com\/ca\/wp-json\/wp\/v2\/types\/page"}],"author":[{"embeddable":true,"href":"https:\/\/galatzotrail.com\/ca\/wp-json\/wp\/v2\/users\/235573868"}],"replies":[{"embeddable":true,"href":"https:\/\/galatzotrail.com\/ca\/wp-json\/wp\/v2\/comments?post=8685"}],"version-history":[{"count":25,"href":"https:\/\/galatzotrail.com\/ca\/wp-json\/wp\/v2\/pages\/8685\/revisions"}],"predecessor-version":[{"id":11125,"href":"https:\/\/galatzotrail.com\/ca\/wp-json\/wp\/v2\/pages\/8685\/revisions\/11125"}],"wp:featuredmedia":[{"embeddable":true,"href":"https:\/\/galatzotrail.com\/ca\/wp-json\/wp\/v2\/media\/10334"}],"wp:attachment":[{"href":"https:\/\/galatzotrail.com\/ca\/wp-json\/wp\/v2\/media?parent=8685"}],"curies":[{"name":"wp","href":"https:\/\/api.w.org\/{rel}","templated":true}]}}