{"id":10317,"date":"2025-01-31T13:05:54","date_gmt":"2025-01-31T12:05:54","guid":{"rendered":"https:\/\/galatzotrail.com\/?page_id=10317"},"modified":"2026-02-11T09:25:36","modified_gmt":"2026-02-11T08:25:36","slug":"reserva-park","status":"publish","type":"page","link":"https:\/\/galatzotrail.com\/ca\/reserva-park\/","title":{"rendered":"Reserva Park"},"content":{"rendered":"<section class=\"wpb-content-wrapper\"><p>[vc_row full_width=&#8221;stretch_row&#8221; full_height=&#8221;yes&#8221; content_placement=&#8221;top&#8221; css=&#8221;.vc_custom_1738158093939{margin-right: 15px !important;padding-top: 230px !important;padding-bottom: 250px !important;background-image: url(<a href=\"https:\/\/galatzotrail.com\/wp-content\/uploads\/2023\/06\/Galatzo-Trail-ODS.jpg?id=8212\">https:\/\/galatzotrail.com\/wp-content\/uploads\/2023\/06\/Galatzo-Trail-ODS.jpg?id=8212<\/a>) !important;background-position: center !important;background-repeat: no-repeat !important;background-size: cover !important;}&#8221;][vc_column width=&#8221;1\/2&#8243; css=&#8221;.vc_custom_1686832760160{padding-top: 5px !important;padding-right: 50px !important;padding-bottom: 30px !important;padding-left: 50px !important;background-color: #ffffff !important;border-radius: 10px !important;}&#8221; offset=&#8221;vc_col-lg-6 vc_col-md-12&#8243;][vc_empty_space height=&#8221;20px&#8221;][vc_single_image image=&#8221;10251&#8243; img_size=&#8221;medium&#8221; alignment=&#8221;center&#8221;][vc_empty_space height=&#8221;20px&#8221;]<header class=\"kd-section-title col-lg-12 text-left  kd-animated fadeIn  \" data-animation-delay=200><h2 class=\"separator_off\" style=\"color: #000000;\">RESERVA PARK COL\u00b7LABORADOR DE GT26<\/h2><h6 class=\"subtitle subtitle-text-underline\" style=\"color: #000000;\">La col\u00b7laboraci\u00f3 d'aquest magn\u00edfic parc de natura \u00e9s clau per al manteniment dels actuals recorreguts i oferir a les persones participants la possibilitat de visitar-lo.<\/h6><\/header>[vc_column_text]L&#8217;\u00fanic parc de natura de Mallorca, Reserva Park \u00e9s en 2026 una de les entitats col\u00b7laboradores de GALATZ\u00d3 TRAI. Aquest espectacular espai, compta amb diferents activitats relacionades amb el senderisme, els esports d&#8217;aventura i el gaudi de la fauna i flora aut\u00f2ctona. A m\u00e9s, el parc permet gaudir de paisatges espectaculars, amb cascades, ponts, etc.<\/p>\n<p>Gr\u00e0cies a la col\u00b7laboraci\u00f3 establerta, les persones participants que siguin agraciades en els diversos sortejos de la carrera, tindran l&#8217;oportunitat de visitar el parc i realitzar activitats d&#8217;aventura (tirolina&#8230;).\u00a0 A m\u00e9s, la col\u00b7laboraci\u00f3 de RESERVA\u00a0PARK\u00a0\u00e9s determinant per a poder mantenir els tra\u00e7ats que han fet de\u00a0GALATZ\u00d3\u00a0TRAIL\u00a0una carrera espectacular.<\/p>\n<p>Si busques diversi\u00f3 en fam\u00edlia o amb amics en un entorn natural i propi de Mallorca, Reserva\u00a0Park\u00a0ha de ser una de les teves opcions sempre.[\/vc_column_text][vc_btn title=&#8221;Web Reserva Park&#8221; color=&#8221;black&#8221; align=&#8221;left&#8221; link=&#8221;url:https%3A%2F%2Fwww.reservapark.net%2F|&#8221;][\/vc_column][vc_column width=&#8221;1\/12&#8243;][\/vc_column][vc_column width=&#8221;5\/12&#8243; css=&#8221;.vc_custom_1687163496179{padding-top: 15px !important;padding-right: 50px !important;padding-bottom: 30px !important;padding-left: 50px !important;}&#8221; offset=&#8221;vc_col-lg-5 vc_col-md-12&#8243; el_class=&#8221;with-shadow&#8221;][\/vc_column][\/vc_row]<\/p>\n<\/section>","protected":false},"excerpt":{"rendered":"<p>[vc_row full_width=&#8221;stretch_row&#8221; full_height=&#8221;yes&#8221; content_placement=&#8221;top&#8221; css=&#8221;.vc_custom_1738158093939{margin-right: 15px !important;padding-top: 230px !important;padding-bottom: 250px !important;background-image: url(<a href=\"https:\/\/galatzotrail.com\/wp-content\/uploads\/2023\/06\/Galatzo-Trail-ODS.jpg?id=8212\">https:\/\/galatzotrail.com\/wp-content\/uploads\/2023\/06\/Galatzo-Trail-ODS.jpg?id=8212<\/a>) !important;background-position: center !important;background-repeat: no-repeat !important;background-size: cover !important;}&#8221;][vc_column width=&#8221;1\/2&#8243; [&hellip;]<\/p>\n","protected":false},"author":235573868,"featured_media":10235,"parent":0,"menu_order":0,"comment_status":"closed","ping_status":"closed","template":"","meta":{"_crdt_document":"","footnotes":""},"class_list":["post-10317","page","type-page","status-publish","has-post-thumbnail","hentry"],"yoast_head":"<!-- This site is optimized with the Yoast SEO plugin v27.5 - https:\/\/yoast.com\/product\/yoast-seo-wordpress\/ -->\n<title>Reserva Park | Galatz\u00f3 Trail<\/title>\n<meta name=\"robots\" content=\"index, follow, max-snippet:-1, max-image-preview:large, max-video-preview:-1\" \/>\n<link rel=\"canonical\" href=\"https:\/\/galatzotrail.com\/ca\/reserva-park\/\" \/>\n<meta property=\"og:locale\" content=\"ca_ES\" \/>\n<meta property=\"og:type\" content=\"article\" \/>\n<meta property=\"og:title\" content=\"Reserva Park | Galatz\u00f3 Trail\" \/>\n<meta property=\"og:description\" content=\"[vc_row full_width=&#8221;stretch_row&#8221; full_height=&#8221;yes&#8221; content_placement=&#8221;top&#8221; css=&#8221;.vc_custom_1738158093939{margin-right: 15px !important;padding-top: 230px !important;padding-bottom: 250px !important;background-image: url(https:\/\/galatzotrail.com\/wp-content\/uploads\/2023\/06\/Galatzo-Trail-ODS.jpg?id=8212) !important;background-position: center !important;background-repeat: no-repeat !important;background-size: cover !important;}&#8221;][vc_column width=&#8221;1\/2&#8243; [&hellip;]\" \/>\n<meta property=\"og:url\" content=\"https:\/\/galatzotrail.com\/ca\/reserva-park\/\" \/>\n<meta property=\"og:site_name\" content=\"Galatz\u00f3 Trail\" \/>\n<meta property=\"article:publisher\" content=\"https:\/\/www.facebook.com\/galatzotrail\/\" \/>\n<meta property=\"article:modified_time\" content=\"2026-02-11T08:25:36+00:00\" \/>\n<meta property=\"og:image\" content=\"https:\/\/galatzotrail.com\/wp-content\/uploads\/2025\/01\/foto-reserva-park-mallorca.png\" \/>\n\t<meta property=\"og:image:width\" content=\"806\" \/>\n\t<meta property=\"og:image:height\" content=\"748\" \/>\n\t<meta property=\"og:image:type\" content=\"image\/png\" \/>\n<meta name=\"twitter:card\" content=\"summary_large_image\" \/>\n<meta name=\"twitter:label1\" content=\"Temps estimat de lectura\" \/>\n\t<meta name=\"twitter:data1\" content=\"2 minuts\" \/>\n<script type=\"application\/ld+json\" class=\"yoast-schema-graph\">{\"@context\":\"https:\\\/\\\/schema.org\",\"@graph\":[{\"@type\":\"WebPage\",\"@id\":\"https:\\\/\\\/galatzotrail.com\\\/ca\\\/reserva-park\\\/\",\"url\":\"https:\\\/\\\/galatzotrail.com\\\/ca\\\/reserva-park\\\/\",\"name\":\"Reserva Park | Galatz\u00f3 Trail\",\"isPartOf\":{\"@id\":\"https:\\\/\\\/galatzotrail.com\\\/ca\\\/#website\"},\"primaryImageOfPage\":{\"@id\":\"https:\\\/\\\/galatzotrail.com\\\/ca\\\/reserva-park\\\/#primaryimage\"},\"image\":{\"@id\":\"https:\\\/\\\/galatzotrail.com\\\/ca\\\/reserva-park\\\/#primaryimage\"},\"thumbnailUrl\":\"https:\\\/\\\/i0.wp.com\\\/galatzotrail.com\\\/wp-content\\\/uploads\\\/2025\\\/01\\\/foto-reserva-park-mallorca.png?fit=806%2C748&ssl=1\",\"datePublished\":\"2025-01-31T12:05:54+00:00\",\"dateModified\":\"2026-02-11T08:25:36+00:00\",\"breadcrumb\":{\"@id\":\"https:\\\/\\\/galatzotrail.com\\\/ca\\\/reserva-park\\\/#breadcrumb\"},\"inLanguage\":\"ca\",\"potentialAction\":[{\"@type\":\"ReadAction\",\"target\":[\"https:\\\/\\\/galatzotrail.com\\\/ca\\\/reserva-park\\\/\"]}]},{\"@type\":\"ImageObject\",\"inLanguage\":\"ca\",\"@id\":\"https:\\\/\\\/galatzotrail.com\\\/ca\\\/reserva-park\\\/#primaryimage\",\"url\":\"https:\\\/\\\/i0.wp.com\\\/galatzotrail.com\\\/wp-content\\\/uploads\\\/2025\\\/01\\\/foto-reserva-park-mallorca.png?fit=806%2C748&ssl=1\",\"contentUrl\":\"https:\\\/\\\/i0.wp.com\\\/galatzotrail.com\\\/wp-content\\\/uploads\\\/2025\\\/01\\\/foto-reserva-park-mallorca.png?fit=806%2C748&ssl=1\",\"width\":806,\"height\":748,\"caption\":\"Patrocinadores de la prueba Galatz\u00f3 Trail Mallorca\"},{\"@type\":\"BreadcrumbList\",\"@id\":\"https:\\\/\\\/galatzotrail.com\\\/ca\\\/reserva-park\\\/#breadcrumb\",\"itemListElement\":[{\"@type\":\"ListItem\",\"position\":1,\"name\":\"Portada\",\"item\":\"https:\\\/\\\/galatzotrail.com\\\/ca\\\/\"},{\"@type\":\"ListItem\",\"position\":2,\"name\":\"Reserva Park\"}]},{\"@type\":\"WebSite\",\"@id\":\"https:\\\/\\\/galatzotrail.com\\\/ca\\\/#website\",\"url\":\"https:\\\/\\\/galatzotrail.com\\\/ca\\\/\",\"name\":\"Galatz\u00f3 Trail\",\"description\":\"Mallorca Trail Mountain Marathon. 43 o 23 km de puro trail running en una de las monta\u00f1as m\u00e1s m\u00edticas de Mallorca: el puig de Galatz\u00f3, en Calvi\u00e0.\",\"publisher\":{\"@id\":\"https:\\\/\\\/galatzotrail.com\\\/ca\\\/#organization\"},\"potentialAction\":[{\"@type\":\"SearchAction\",\"target\":{\"@type\":\"EntryPoint\",\"urlTemplate\":\"https:\\\/\\\/galatzotrail.com\\\/ca\\\/?s={search_term_string}\"},\"query-input\":{\"@type\":\"PropertyValueSpecification\",\"valueRequired\":true,\"valueName\":\"search_term_string\"}}],\"inLanguage\":\"ca\"},{\"@type\":\"Organization\",\"@id\":\"https:\\\/\\\/galatzotrail.com\\\/ca\\\/#organization\",\"name\":\"Galatz\u00f3 Trail\",\"alternateName\":\"Fundaci\u00f3n Calvi\u00e0 2004\",\"url\":\"https:\\\/\\\/galatzotrail.com\\\/ca\\\/\",\"logo\":{\"@type\":\"ImageObject\",\"inLanguage\":\"ca\",\"@id\":\"https:\\\/\\\/galatzotrail.com\\\/ca\\\/#\\\/schema\\\/logo\\\/image\\\/\",\"url\":\"https:\\\/\\\/i0.wp.com\\\/galatzotrail.com\\\/wp-content\\\/uploads\\\/2023\\\/05\\\/logo-galatzo-trail-fondo-blanco.png?fit=4525%2C3073&ssl=1\",\"contentUrl\":\"https:\\\/\\\/i0.wp.com\\\/galatzotrail.com\\\/wp-content\\\/uploads\\\/2023\\\/05\\\/logo-galatzo-trail-fondo-blanco.png?fit=4525%2C3073&ssl=1\",\"width\":4525,\"height\":3073,\"caption\":\"Galatz\u00f3 Trail\"},\"image\":{\"@id\":\"https:\\\/\\\/galatzotrail.com\\\/ca\\\/#\\\/schema\\\/logo\\\/image\\\/\"},\"sameAs\":[\"https:\\\/\\\/www.facebook.com\\\/galatzotrail\\\/\",\"https:\\\/\\\/www.instagram.com\\\/galatzotrail\\\/?hl=es\"]}]}<\/script>\n<!-- \/ Yoast SEO plugin. -->","yoast_head_json":{"title":"Reserva Park | Galatz\u00f3 Trail","robots":{"index":"index","follow":"follow","max-snippet":"max-snippet:-1","max-image-preview":"max-image-preview:large","max-video-preview":"max-video-preview:-1"},"canonical":"https:\/\/galatzotrail.com\/ca\/reserva-park\/","og_locale":"ca_ES","og_type":"article","og_title":"Reserva Park | Galatz\u00f3 Trail","og_description":"[vc_row full_width=&#8221;stretch_row&#8221; full_height=&#8221;yes&#8221; content_placement=&#8221;top&#8221; css=&#8221;.vc_custom_1738158093939{margin-right: 15px !important;padding-top: 230px !important;padding-bottom: 250px !important;background-image: url(https:\/\/galatzotrail.com\/wp-content\/uploads\/2023\/06\/Galatzo-Trail-ODS.jpg?id=8212) !important;background-position: center !important;background-repeat: no-repeat !important;background-size: cover !important;}&#8221;][vc_column width=&#8221;1\/2&#8243; [&hellip;]","og_url":"https:\/\/galatzotrail.com\/ca\/reserva-park\/","og_site_name":"Galatz\u00f3 Trail","article_publisher":"https:\/\/www.facebook.com\/galatzotrail\/","article_modified_time":"2026-02-11T08:25:36+00:00","og_image":[{"width":806,"height":748,"url":"https:\/\/galatzotrail.com\/wp-content\/uploads\/2025\/01\/foto-reserva-park-mallorca.png","type":"image\/png"}],"twitter_card":"summary_large_image","twitter_misc":{"Temps estimat de lectura":"2 minuts"},"schema":{"@context":"https:\/\/schema.org","@graph":[{"@type":"WebPage","@id":"https:\/\/galatzotrail.com\/ca\/reserva-park\/","url":"https:\/\/galatzotrail.com\/ca\/reserva-park\/","name":"Reserva Park | Galatz\u00f3 Trail","isPartOf":{"@id":"https:\/\/galatzotrail.com\/ca\/#website"},"primaryImageOfPage":{"@id":"https:\/\/galatzotrail.com\/ca\/reserva-park\/#primaryimage"},"image":{"@id":"https:\/\/galatzotrail.com\/ca\/reserva-park\/#primaryimage"},"thumbnailUrl":"https:\/\/i0.wp.com\/galatzotrail.com\/wp-content\/uploads\/2025\/01\/foto-reserva-park-mallorca.png?fit=806%2C748&ssl=1","datePublished":"2025-01-31T12:05:54+00:00","dateModified":"2026-02-11T08:25:36+00:00","breadcrumb":{"@id":"https:\/\/galatzotrail.com\/ca\/reserva-park\/#breadcrumb"},"inLanguage":"ca","potentialAction":[{"@type":"ReadAction","target":["https:\/\/galatzotrail.com\/ca\/reserva-park\/"]}]},{"@type":"ImageObject","inLanguage":"ca","@id":"https:\/\/galatzotrail.com\/ca\/reserva-park\/#primaryimage","url":"https:\/\/i0.wp.com\/galatzotrail.com\/wp-content\/uploads\/2025\/01\/foto-reserva-park-mallorca.png?fit=806%2C748&ssl=1","contentUrl":"https:\/\/i0.wp.com\/galatzotrail.com\/wp-content\/uploads\/2025\/01\/foto-reserva-park-mallorca.png?fit=806%2C748&ssl=1","width":806,"height":748,"caption":"Patrocinadores de la prueba Galatz\u00f3 Trail Mallorca"},{"@type":"BreadcrumbList","@id":"https:\/\/galatzotrail.com\/ca\/reserva-park\/#breadcrumb","itemListElement":[{"@type":"ListItem","position":1,"name":"Portada","item":"https:\/\/galatzotrail.com\/ca\/"},{"@type":"ListItem","position":2,"name":"Reserva Park"}]},{"@type":"WebSite","@id":"https:\/\/galatzotrail.com\/ca\/#website","url":"https:\/\/galatzotrail.com\/ca\/","name":"Galatz\u00f3 Trail","description":"Mallorca Trail Mountain Marathon. 43 o 23 km de puro trail running en una de las monta\u00f1as m\u00e1s m\u00edticas de Mallorca: el puig de Galatz\u00f3, en Calvi\u00e0.","publisher":{"@id":"https:\/\/galatzotrail.com\/ca\/#organization"},"potentialAction":[{"@type":"SearchAction","target":{"@type":"EntryPoint","urlTemplate":"https:\/\/galatzotrail.com\/ca\/?s={search_term_string}"},"query-input":{"@type":"PropertyValueSpecification","valueRequired":true,"valueName":"search_term_string"}}],"inLanguage":"ca"},{"@type":"Organization","@id":"https:\/\/galatzotrail.com\/ca\/#organization","name":"Galatz\u00f3 Trail","alternateName":"Fundaci\u00f3n Calvi\u00e0 2004","url":"https:\/\/galatzotrail.com\/ca\/","logo":{"@type":"ImageObject","inLanguage":"ca","@id":"https:\/\/galatzotrail.com\/ca\/#\/schema\/logo\/image\/","url":"https:\/\/i0.wp.com\/galatzotrail.com\/wp-content\/uploads\/2023\/05\/logo-galatzo-trail-fondo-blanco.png?fit=4525%2C3073&ssl=1","contentUrl":"https:\/\/i0.wp.com\/galatzotrail.com\/wp-content\/uploads\/2023\/05\/logo-galatzo-trail-fondo-blanco.png?fit=4525%2C3073&ssl=1","width":4525,"height":3073,"caption":"Galatz\u00f3 Trail"},"image":{"@id":"https:\/\/galatzotrail.com\/ca\/#\/schema\/logo\/image\/"},"sameAs":["https:\/\/www.facebook.com\/galatzotrail\/","https:\/\/www.instagram.com\/galatzotrail\/?hl=es"]}]}},"jetpack_likes_enabled":true,"jetpack_sharing_enabled":true,"jetpack_shortlink":"https:\/\/wp.me\/PeQ9AI-2Gp","jetpack-related-posts":[],"_links":{"self":[{"href":"https:\/\/galatzotrail.com\/ca\/wp-json\/wp\/v2\/pages\/10317","targetHints":{"allow":["GET"]}}],"collection":[{"href":"https:\/\/galatzotrail.com\/ca\/wp-json\/wp\/v2\/pages"}],"about":[{"href":"https:\/\/galatzotrail.com\/ca\/wp-json\/wp\/v2\/types\/page"}],"author":[{"embeddable":true,"href":"https:\/\/galatzotrail.com\/ca\/wp-json\/wp\/v2\/users\/235573868"}],"replies":[{"embeddable":true,"href":"https:\/\/galatzotrail.com\/ca\/wp-json\/wp\/v2\/comments?post=10317"}],"version-history":[{"count":6,"href":"https:\/\/galatzotrail.com\/ca\/wp-json\/wp\/v2\/pages\/10317\/revisions"}],"predecessor-version":[{"id":11045,"href":"https:\/\/galatzotrail.com\/ca\/wp-json\/wp\/v2\/pages\/10317\/revisions\/11045"}],"wp:featuredmedia":[{"embeddable":true,"href":"https:\/\/galatzotrail.com\/ca\/wp-json\/wp\/v2\/media\/10235"}],"wp:attachment":[{"href":"https:\/\/galatzotrail.com\/ca\/wp-json\/wp\/v2\/media?parent=10317"}],"curies":[{"name":"wp","href":"https:\/\/api.w.org\/{rel}","templated":true}]}}